{"id":9393,"date":"2020-05-05T15:30:43","date_gmt":"2020-05-05T15:30:43","guid":{"rendered":"https:\/\/actoria.com\/ch-it\/\/?page_id=9393"},"modified":"2022-08-12T17:43:48","modified_gmt":"2022-08-12T15:43:48","slug":"per-aggregazione-in-svizzera","status":"publish","type":"page","link":"https:\/\/actoria.com\/ch-it\/sviluppare\/come-sviluppare\/per-aggregazione-in-svizzera\/","title":{"rendered":"Per aggregazione"},"content":{"rendered":"<div id='av_section_1'  class='avia-section main_color avia-section-default avia-no-border-styling  avia-full-stretch avia-bg-style-fixed  avia-builder-el-0  el_before_av_one_full  avia-builder-el-first  header_page_section_title_wrapper  av-arrow-down-section av-minimum-height av-minimum-height-custom  container_wrap sidebar_right' style='background-repeat: no-repeat; background-image: url(https:\/\/actoria.com\/ch-it\/wp-content\/uploads\/2022\/08\/shutterstock-1-3.jpg);background-attachment: fixed; background-position: center center;  '  data-section-bg-repeat='stretch'><div class='container' style='height:660px'><main  role=\"main\" itemprop=\"mainContentOfPage\"  class='template-page content  av-content-small alpha units'><div class='post-entry post-entry-type-page post-entry-9393'><div class='entry-content-wrapper clearfix'>\n<div class='flex_column_table av-equal-height-column-flextable -flextable' ><div class=\"flex_column av_one_full  flex_column_table_cell av-equal-height-column av-align-bottom av-zero-column-padding first  avia-builder-el-1  avia-builder-el-no-sibling  header_page_section_title \" style='border-radius:0px; ' id=\"header_page_section_title\" ><p><br \/>\n<div  style='padding-bottom:5px; margin:0 0 0 0; color:#ffffff;' class='av-special-heading av-special-heading-h1 custom-color-heading   avia-builder-el-3  el_after_av_codeblock  avia-builder-el-last  '><h1 class='av-special-heading-tag '  itemprop=\"headline\"  >Per aggregazione<\/h1><div class='special-heading-border'><div class='special-heading-inner-border' style='border-color:#ffffff'><\/div><\/div><\/div><\/p><\/div><\/div><!--close column table wrapper. Autoclose: 1 -->\n<\/div><\/div><\/main><!-- close content main element --><\/div><div class='av-extra-border-element border-extra-arrow-down'><div class='av-extra-border-outer'><div class='av-extra-border-inner'  style='background-color:#ffffff;' ><\/div><\/div><\/div><\/div><div id='after_section_1'  class='main_color av_default_container_wrap container_wrap sidebar_right' style=' '  ><div class='container' ><div class='template-page content  av-content-small alpha units'><div class='post-entry post-entry-type-page post-entry-9393'><div class='entry-content-wrapper clearfix'>\n<div class=\"flex_column av_one_full  flex_column_div av-zero-column-padding first  avia-builder-el-4  el_after_av_section  avia-builder-el-no-sibling  \" style='border-radius:0px; '><p><section class=\"av_textblock_section \"  itemscope=\"itemscope\" itemtype=\"https:\/\/schema.org\/CreativeWork\" ><div class='avia_textblock  '   itemprop=\"text\" ><p><img loading=\"lazy\" decoding=\"async\" class=\"alignleft wp-image-18531 size-medium\" title=\"Per aggregazione, Per aggregazione, trasferimento, vendita di societ\u00e0 e azienda in Svizzera e Italia\" src=\"https:\/\/actoria.com\/ch-it\/wp-content\/uploads\/2021\/12\/shutterstock-1-45-300x300.jpg\" alt=\"Per aggregazione, Per aggregazione, trasferimento, vendita di societ\u00e0 e azienda in Svizzera e Italia\" width=\"300\" height=\"300\" srcset=\"https:\/\/actoria.com\/ch-it\/wp-content\/uploads\/2021\/12\/shutterstock-1-45-300x300.jpg 300w, https:\/\/actoria.com\/ch-it\/wp-content\/uploads\/2021\/12\/shutterstock-1-45-1030x1030.jpg 1030w, https:\/\/actoria.com\/ch-it\/wp-content\/uploads\/2021\/12\/shutterstock-1-45-80x80.jpg 80w, https:\/\/actoria.com\/ch-it\/wp-content\/uploads\/2021\/12\/shutterstock-1-45-768x768.jpg 768w, https:\/\/actoria.com\/ch-it\/wp-content\/uploads\/2021\/12\/shutterstock-1-45-1536x1536.jpg 1536w, https:\/\/actoria.com\/ch-it\/wp-content\/uploads\/2021\/12\/shutterstock-1-45-36x36.jpg 36w, https:\/\/actoria.com\/ch-it\/wp-content\/uploads\/2021\/12\/shutterstock-1-45-180x180.jpg 180w, https:\/\/actoria.com\/ch-it\/wp-content\/uploads\/2021\/12\/shutterstock-1-45-1500x1500.jpg 1500w, https:\/\/actoria.com\/ch-it\/wp-content\/uploads\/2021\/12\/shutterstock-1-45-705x705.jpg 705w, https:\/\/actoria.com\/ch-it\/wp-content\/uploads\/2021\/12\/shutterstock-1-45.jpg 1600w\" sizes=\"auto, (max-width: 300px) 100vw, 300px\" \/><\/p>\n<p>Piuttosto che affidarvi esclusivamente alle vostre forze, potete tentare di espandere la vostra presenza in un settore legandovi o fondendovi con uno dei vostri competitori.<\/p>\n<p>Molte aziende usano le integrazioni, fusioni e acquisizioni per aumentare le proprie dimensioni e superare i competitori diretti.<br \/>\nInfatti, possono essere necessari anni o decenni per raddoppiare le dimensioni di un&#8217;azienda attraverso la crescita organica.<br \/>\nQuesto approccio strategico \u00e8 noto come <strong>integrazione orizzontale<\/strong>.<br \/>\nSe invece costituite un gruppo con uno dei vostri fornitori (a monte) o distributori (a valle), parliamo di <strong>integrazione verticale<\/strong>.<\/p>\n<p>L&#8217;aggregazione pu\u00f2 essere interessante per differenti ragioni.<br \/>\nIn molti casi, l&#8217;integrazione mira a <strong>ridurre i costi<\/strong> raggiungendo maggiori economie di scala.<br \/>\nIndirettamente <strong>riduce<\/strong> <strong>la presenza di competizione<\/strong> in un settore rendendolo pi\u00f9 redditizio.<br \/>\nL&#8217;integrazione pu\u00f2 anche fornire accesso a <strong>nuovi canali di distribuzione<\/strong>.<\/p>\n<h3>Quali sono i fattori che motivano l&#8217;aggregazione in Svizzera?<\/h3>\n<p><strong>Concorrenza<br \/>\n<\/strong>Questa forte motivazione \u00e8 la ragione principale per cui le attivit\u00e0 di fusione e acquisizione avvengono in differenti fasi. La volont\u00e0 di acquisire una societ\u00e0 con un attraente portafogli di attivit\u00e0 prima di un rivale, di solito si traduce in una frenesia bulimica nei mercati caldi.<\/p>\n<p><strong>Sinergie<br \/>\n<\/strong>Le societ\u00e0 si fondono anche per trarre profitto dalle sinergie e dalle economie di scala. Le sinergie si verificano quando due aziende con attivit\u00e0 simili si combinano, potendo quindi consolidare (o eliminare) le risorse duplicate, come filiali e sedi regionali, stabilimenti produttivi, progetti di ricerca, ecc.<\/p>\n<p><strong>Dominio<br \/>\n<\/strong>Le societ\u00e0 si aggregano per dominare il proprio settore.<\/p>\n<p><strong>Obiettivi fiscali<br \/>\n<\/strong>Le societ\u00e0 ricorrono a fusioni e acquisizioni anche per ragioni fiscali, sebbene questo pu\u00f2 essere considerato un motivo implicito piuttosto che esplicito.<\/p>\n<\/div><\/section><br \/>\n<section class=\"av_textblock_section \"  itemscope=\"itemscope\" itemtype=\"https:\/\/schema.org\/CreativeWork\" ><div class='avia_textblock  '   itemprop=\"text\" ><p><img loading=\"lazy\" decoding=\"async\" class=\"aligncenter wp-image-9607 size-full\" src=\"https:\/\/actoria.com\/ch-it\/wp-content\/uploads\/2020\/05\/Concentration-entreprises.png\" alt=\"Concentrazione aziende\" width=\"1047\" height=\"769\" \/><\/p>\n<\/div><\/section><\/p><\/div>\n","protected":false},"excerpt":{"rendered":"<p>Vendita azienda Svizzera e Italia, trasferimento azienda Svizzera e Italia, vendita azienda Svizzera e Italia, acquisizione azienda Svizzera e Italia, vendita PMI Svizzera e Italia, vendita PMI Svizzera e Italia, successione PMI Svizzera e Italia, vendita azienda Svizzera e Italia, trovare un acquirente in Svizzera e in Italia<\/p>\n","protected":false},"author":2,"featured_media":18675,"parent":9390,"menu_order":2,"comment_status":"closed","ping_status":"closed","template":"","meta":{"footnotes":""},"class_list":["post-9393","page","type-page","status-publish","has-post-thumbnail","hentry"],"yoast_head":"<!-- This site is optimized with the Yoast SEO plugin v27.4 - https:\/\/yoast.com\/product\/yoast-seo-wordpress\/ -->\n<title>Per aggregazione in Svizzera<\/title>\n<meta name=\"description\" content=\"Per aggregazione in Svizzera, Ticino e Italia, Sviluppo aziendale in Svizzera, Ticino e Italia, cessione aziendale in Svizzera, Ticino e Italia, cessione PMI in Svizzera, Ticino e Italia, fusione\" \/>\n<meta name=\"robots\" content=\"index, follow, max-snippet:-1, max-image-preview:large, max-video-preview:-1\" \/>\n<link rel=\"canonical\" href=\"https:\/\/actoria.com\/ch-it\/sviluppare\/come-sviluppare\/per-aggregazione-in-svizzera\/\" \/>\n<meta property=\"og:locale\" content=\"it_IT\" \/>\n<meta property=\"og:type\" content=\"article\" \/>\n<meta property=\"og:title\" content=\"Per aggregazione in Svizzera\" \/>\n<meta property=\"og:description\" content=\"Per aggregazione in Svizzera, Ticino e Italia, Sviluppo aziendale in Svizzera, Ticino e Italia, cessione aziendale in Svizzera, Ticino e Italia, cessione PMI in Svizzera, Ticino e Italia, fusione\" \/>\n<meta property=\"og:url\" content=\"https:\/\/actoria.com\/ch-it\/sviluppare\/come-sviluppare\/per-aggregazione-in-svizzera\/\" \/>\n<meta property=\"og:site_name\" content=\"Trasferimento di azienda Svizzera, Ticino e Italia, Fusioni &amp; Acquisizioni Svizzera, Ticino e Italia, Sviluppo Strategico Svizzera, Ticino e Italia\" \/>\n<meta property=\"article:modified_time\" content=\"2022-08-12T15:43:48+00:00\" \/>\n<meta property=\"og:image\" content=\"https:\/\/actoria.com\/ch-it\/wp-content\/uploads\/2021\/12\/shutterstock-1-79.jpg\" \/>\n\t<meta property=\"og:image:width\" content=\"2397\" \/>\n\t<meta property=\"og:image:height\" content=\"1600\" \/>\n\t<meta property=\"og:image:type\" content=\"image\/jpeg\" \/>\n<meta name=\"twitter:card\" content=\"summary_large_image\" \/>\n<meta name=\"twitter:label1\" content=\"Tempo di lettura stimato\" \/>\n\t<meta name=\"twitter:data1\" content=\"3 minuti\" \/>\n<script type=\"application\/ld+json\" class=\"yoast-schema-graph\">{\"@context\":\"https:\\\/\\\/schema.org\",\"@graph\":[{\"@type\":\"Article\",\"@id\":\"https:\\\/\\\/actoria.com\\\/ch-it\\\/sviluppare\\\/come-sviluppare\\\/per-aggregazione-in-svizzera\\\/#article\",\"isPartOf\":{\"@id\":\"https:\\\/\\\/actoria.com\\\/ch-it\\\/sviluppare\\\/come-sviluppare\\\/per-aggregazione-in-svizzera\\\/\"},\"author\":{\"name\":\"fabrice\",\"@id\":\"https:\\\/\\\/actoria.com\\\/ch-it\\\/#\\\/schema\\\/person\\\/f49dd9d0c4e953ed3de3e3b44cd339ac\"},\"headline\":\"Per aggregazione\",\"datePublished\":\"2020-05-05T15:30:43+00:00\",\"dateModified\":\"2022-08-12T15:43:48+00:00\",\"mainEntityOfPage\":{\"@id\":\"https:\\\/\\\/actoria.com\\\/ch-it\\\/sviluppare\\\/come-sviluppare\\\/per-aggregazione-in-svizzera\\\/\"},\"wordCount\":682,\"publisher\":{\"@id\":\"https:\\\/\\\/actoria.com\\\/ch-it\\\/#organization\"},\"image\":{\"@id\":\"https:\\\/\\\/actoria.com\\\/ch-it\\\/sviluppare\\\/come-sviluppare\\\/per-aggregazione-in-svizzera\\\/#primaryimage\"},\"thumbnailUrl\":\"https:\\\/\\\/actoria.com\\\/ch-it\\\/wp-content\\\/uploads\\\/2021\\\/12\\\/shutterstock-1-79.jpg\",\"inLanguage\":\"it-IT\"},{\"@type\":\"WebPage\",\"@id\":\"https:\\\/\\\/actoria.com\\\/ch-it\\\/sviluppare\\\/come-sviluppare\\\/per-aggregazione-in-svizzera\\\/\",\"url\":\"https:\\\/\\\/actoria.com\\\/ch-it\\\/sviluppare\\\/come-sviluppare\\\/per-aggregazione-in-svizzera\\\/\",\"name\":\"Per aggregazione in Svizzera\",\"isPartOf\":{\"@id\":\"https:\\\/\\\/actoria.com\\\/ch-it\\\/#website\"},\"primaryImageOfPage\":{\"@id\":\"https:\\\/\\\/actoria.com\\\/ch-it\\\/sviluppare\\\/come-sviluppare\\\/per-aggregazione-in-svizzera\\\/#primaryimage\"},\"image\":{\"@id\":\"https:\\\/\\\/actoria.com\\\/ch-it\\\/sviluppare\\\/come-sviluppare\\\/per-aggregazione-in-svizzera\\\/#primaryimage\"},\"thumbnailUrl\":\"https:\\\/\\\/actoria.com\\\/ch-it\\\/wp-content\\\/uploads\\\/2021\\\/12\\\/shutterstock-1-79.jpg\",\"datePublished\":\"2020-05-05T15:30:43+00:00\",\"dateModified\":\"2022-08-12T15:43:48+00:00\",\"description\":\"Per aggregazione in Svizzera, Ticino e Italia, Sviluppo aziendale in Svizzera, Ticino e Italia, cessione aziendale in Svizzera, Ticino e Italia, cessione PMI in Svizzera, Ticino e Italia, fusione\",\"breadcrumb\":{\"@id\":\"https:\\\/\\\/actoria.com\\\/ch-it\\\/sviluppare\\\/come-sviluppare\\\/per-aggregazione-in-svizzera\\\/#breadcrumb\"},\"inLanguage\":\"it-IT\",\"potentialAction\":[{\"@type\":\"ReadAction\",\"target\":[\"https:\\\/\\\/actoria.com\\\/ch-it\\\/sviluppare\\\/come-sviluppare\\\/per-aggregazione-in-svizzera\\\/\"]}]},{\"@type\":\"ImageObject\",\"inLanguage\":\"it-IT\",\"@id\":\"https:\\\/\\\/actoria.com\\\/ch-it\\\/sviluppare\\\/come-sviluppare\\\/per-aggregazione-in-svizzera\\\/#primaryimage\",\"url\":\"https:\\\/\\\/actoria.com\\\/ch-it\\\/wp-content\\\/uploads\\\/2021\\\/12\\\/shutterstock-1-79.jpg\",\"contentUrl\":\"https:\\\/\\\/actoria.com\\\/ch-it\\\/wp-content\\\/uploads\\\/2021\\\/12\\\/shutterstock-1-79.jpg\",\"width\":2397,\"height\":1600,\"caption\":\"Cessione di una rete di franchising, Cessione di una rete di franchising, trasferimento, vendita di societ\u00e0 e azienda in Svizzera e Italia\"},{\"@type\":\"BreadcrumbList\",\"@id\":\"https:\\\/\\\/actoria.com\\\/ch-it\\\/sviluppare\\\/come-sviluppare\\\/per-aggregazione-in-svizzera\\\/#breadcrumb\",\"itemListElement\":[{\"@type\":\"ListItem\",\"position\":1,\"name\":\"Home\",\"item\":\"https:\\\/\\\/actoria.com\\\/ch-it\\\/\"},{\"@type\":\"ListItem\",\"position\":2,\"name\":\"Sviluppare\",\"item\":\"https:\\\/\\\/actoria.com\\\/ch-it\\\/sviluppare\\\/\"},{\"@type\":\"ListItem\",\"position\":3,\"name\":\"Come sviluppare?\",\"item\":\"https:\\\/\\\/actoria.com\\\/ch-it\\\/sviluppare\\\/come-sviluppare\\\/\"},{\"@type\":\"ListItem\",\"position\":4,\"name\":\"Per aggregazione\"}]},{\"@type\":\"WebSite\",\"@id\":\"https:\\\/\\\/actoria.com\\\/ch-it\\\/#website\",\"url\":\"https:\\\/\\\/actoria.com\\\/ch-it\\\/\",\"name\":\"Trasferimento di azienda Svizzera, Ticino e Italia, Fusioni & Acquisizioni Svizzera, Ticino e Italia, Sviluppo Strategico Svizzera, Ticino e Italia\",\"description\":\"Vendere la tua azienda, PMI in Belgio, Francia, Svizzera, Marocco, Tunisia, Lussemburgo, Italia\",\"publisher\":{\"@id\":\"https:\\\/\\\/actoria.com\\\/ch-it\\\/#organization\"},\"alternateName\":\"Trasferimento di societ\u00e0, sviluppo di societ\u00e0 in Tunisia, lo specialista in fusioni e acquisizioni in Tunisia dal 2002\",\"potentialAction\":[{\"@type\":\"SearchAction\",\"target\":{\"@type\":\"EntryPoint\",\"urlTemplate\":\"https:\\\/\\\/actoria.com\\\/ch-it\\\/?s={search_term_string}\"},\"query-input\":{\"@type\":\"PropertyValueSpecification\",\"valueRequired\":true,\"valueName\":\"search_term_string\"}}],\"inLanguage\":\"it-IT\"},{\"@type\":\"Organization\",\"@id\":\"https:\\\/\\\/actoria.com\\\/ch-it\\\/#organization\",\"name\":\"Actoria Svizzera, Ticico e Italia, Trasferimento di azienda Svizzera, Ticino e Italia, Fusioni & Acquisizioni Svizzera, Ticino e Italia, Sviluppo Strategico Svizzera, Ticino e Italia\",\"alternateName\":\"Vendere la tua azienda, PMI in Belgio, Francia, Svizzera, Marocco, Tunisia, Lussemburgo, Italia\",\"url\":\"https:\\\/\\\/actoria.com\\\/ch-it\\\/\",\"logo\":{\"@type\":\"ImageObject\",\"inLanguage\":\"it-IT\",\"@id\":\"https:\\\/\\\/actoria.com\\\/ch-it\\\/#\\\/schema\\\/logo\\\/image\\\/\",\"url\":\"https:\\\/\\\/actoria.com\\\/ch-it\\\/wp-content\\\/uploads\\\/2020\\\/12\\\/Logo-standard.bmp\",\"contentUrl\":\"https:\\\/\\\/actoria.com\\\/ch-it\\\/wp-content\\\/uploads\\\/2020\\\/12\\\/Logo-standard.bmp\",\"width\":566,\"height\":358,\"caption\":\"Actoria Svizzera, Ticico e Italia, Trasferimento di azienda Svizzera, Ticino e Italia, Fusioni & Acquisizioni Svizzera, Ticino e Italia, Sviluppo Strategico Svizzera, Ticino e Italia\"},\"image\":{\"@id\":\"https:\\\/\\\/actoria.com\\\/ch-it\\\/#\\\/schema\\\/logo\\\/image\\\/\"},\"sameAs\":[\"https:\\\/\\\/fr.linkedin.com\\\/company\\\/actoria-group_2\"]},{\"@type\":\"Person\",\"@id\":\"https:\\\/\\\/actoria.com\\\/ch-it\\\/#\\\/schema\\\/person\\\/f49dd9d0c4e953ed3de3e3b44cd339ac\",\"name\":\"fabrice\",\"url\":\"https:\\\/\\\/actoria.com\\\/ch-it\\\/author\\\/fabrice\\\/\"}]}<\/script>\n<!-- \/ Yoast SEO plugin. -->","yoast_head_json":{"title":"Per aggregazione in Svizzera","description":"Per aggregazione in Svizzera, Ticino e Italia, Sviluppo aziendale in Svizzera, Ticino e Italia, cessione aziendale in Svizzera, Ticino e Italia, cessione PMI in Svizzera, Ticino e Italia, fusione","robots":{"index":"index","follow":"follow","max-snippet":"max-snippet:-1","max-image-preview":"max-image-preview:large","max-video-preview":"max-video-preview:-1"},"canonical":"https:\/\/actoria.com\/ch-it\/sviluppare\/come-sviluppare\/per-aggregazione-in-svizzera\/","og_locale":"it_IT","og_type":"article","og_title":"Per aggregazione in Svizzera","og_description":"Per aggregazione in Svizzera, Ticino e Italia, Sviluppo aziendale in Svizzera, Ticino e Italia, cessione aziendale in Svizzera, Ticino e Italia, cessione PMI in Svizzera, Ticino e Italia, fusione","og_url":"https:\/\/actoria.com\/ch-it\/sviluppare\/come-sviluppare\/per-aggregazione-in-svizzera\/","og_site_name":"Trasferimento di azienda Svizzera, Ticino e Italia, Fusioni &amp; Acquisizioni Svizzera, Ticino e Italia, Sviluppo Strategico Svizzera, Ticino e Italia","article_modified_time":"2022-08-12T15:43:48+00:00","og_image":[{"width":2397,"height":1600,"url":"https:\/\/actoria.com\/ch-it\/wp-content\/uploads\/2021\/12\/shutterstock-1-79.jpg","type":"image\/jpeg"}],"twitter_card":"summary_large_image","twitter_misc":{"Tempo di lettura stimato":"3 minuti"},"schema":{"@context":"https:\/\/schema.org","@graph":[{"@type":"Article","@id":"https:\/\/actoria.com\/ch-it\/sviluppare\/come-sviluppare\/per-aggregazione-in-svizzera\/#article","isPartOf":{"@id":"https:\/\/actoria.com\/ch-it\/sviluppare\/come-sviluppare\/per-aggregazione-in-svizzera\/"},"author":{"name":"fabrice","@id":"https:\/\/actoria.com\/ch-it\/#\/schema\/person\/f49dd9d0c4e953ed3de3e3b44cd339ac"},"headline":"Per aggregazione","datePublished":"2020-05-05T15:30:43+00:00","dateModified":"2022-08-12T15:43:48+00:00","mainEntityOfPage":{"@id":"https:\/\/actoria.com\/ch-it\/sviluppare\/come-sviluppare\/per-aggregazione-in-svizzera\/"},"wordCount":682,"publisher":{"@id":"https:\/\/actoria.com\/ch-it\/#organization"},"image":{"@id":"https:\/\/actoria.com\/ch-it\/sviluppare\/come-sviluppare\/per-aggregazione-in-svizzera\/#primaryimage"},"thumbnailUrl":"https:\/\/actoria.com\/ch-it\/wp-content\/uploads\/2021\/12\/shutterstock-1-79.jpg","inLanguage":"it-IT"},{"@type":"WebPage","@id":"https:\/\/actoria.com\/ch-it\/sviluppare\/come-sviluppare\/per-aggregazione-in-svizzera\/","url":"https:\/\/actoria.com\/ch-it\/sviluppare\/come-sviluppare\/per-aggregazione-in-svizzera\/","name":"Per aggregazione in Svizzera","isPartOf":{"@id":"https:\/\/actoria.com\/ch-it\/#website"},"primaryImageOfPage":{"@id":"https:\/\/actoria.com\/ch-it\/sviluppare\/come-sviluppare\/per-aggregazione-in-svizzera\/#primaryimage"},"image":{"@id":"https:\/\/actoria.com\/ch-it\/sviluppare\/come-sviluppare\/per-aggregazione-in-svizzera\/#primaryimage"},"thumbnailUrl":"https:\/\/actoria.com\/ch-it\/wp-content\/uploads\/2021\/12\/shutterstock-1-79.jpg","datePublished":"2020-05-05T15:30:43+00:00","dateModified":"2022-08-12T15:43:48+00:00","description":"Per aggregazione in Svizzera, Ticino e Italia, Sviluppo aziendale in Svizzera, Ticino e Italia, cessione aziendale in Svizzera, Ticino e Italia, cessione PMI in Svizzera, Ticino e Italia, fusione","breadcrumb":{"@id":"https:\/\/actoria.com\/ch-it\/sviluppare\/come-sviluppare\/per-aggregazione-in-svizzera\/#breadcrumb"},"inLanguage":"it-IT","potentialAction":[{"@type":"ReadAction","target":["https:\/\/actoria.com\/ch-it\/sviluppare\/come-sviluppare\/per-aggregazione-in-svizzera\/"]}]},{"@type":"ImageObject","inLanguage":"it-IT","@id":"https:\/\/actoria.com\/ch-it\/sviluppare\/come-sviluppare\/per-aggregazione-in-svizzera\/#primaryimage","url":"https:\/\/actoria.com\/ch-it\/wp-content\/uploads\/2021\/12\/shutterstock-1-79.jpg","contentUrl":"https:\/\/actoria.com\/ch-it\/wp-content\/uploads\/2021\/12\/shutterstock-1-79.jpg","width":2397,"height":1600,"caption":"Cessione di una rete di franchising, Cessione di una rete di franchising, trasferimento, vendita di societ\u00e0 e azienda in Svizzera e Italia"},{"@type":"BreadcrumbList","@id":"https:\/\/actoria.com\/ch-it\/sviluppare\/come-sviluppare\/per-aggregazione-in-svizzera\/#breadcrumb","itemListElement":[{"@type":"ListItem","position":1,"name":"Home","item":"https:\/\/actoria.com\/ch-it\/"},{"@type":"ListItem","position":2,"name":"Sviluppare","item":"https:\/\/actoria.com\/ch-it\/sviluppare\/"},{"@type":"ListItem","position":3,"name":"Come sviluppare?","item":"https:\/\/actoria.com\/ch-it\/sviluppare\/come-sviluppare\/"},{"@type":"ListItem","position":4,"name":"Per aggregazione"}]},{"@type":"WebSite","@id":"https:\/\/actoria.com\/ch-it\/#website","url":"https:\/\/actoria.com\/ch-it\/","name":"Trasferimento di azienda Svizzera, Ticino e Italia, Fusioni & Acquisizioni Svizzera, Ticino e Italia, Sviluppo Strategico Svizzera, Ticino e Italia","description":"Vendere la tua azienda, PMI in Belgio, Francia, Svizzera, Marocco, Tunisia, Lussemburgo, Italia","publisher":{"@id":"https:\/\/actoria.com\/ch-it\/#organization"},"alternateName":"Trasferimento di societ\u00e0, sviluppo di societ\u00e0 in Tunisia, lo specialista in fusioni e acquisizioni in Tunisia dal 2002","potentialAction":[{"@type":"SearchAction","target":{"@type":"EntryPoint","urlTemplate":"https:\/\/actoria.com\/ch-it\/?s={search_term_string}"},"query-input":{"@type":"PropertyValueSpecification","valueRequired":true,"valueName":"search_term_string"}}],"inLanguage":"it-IT"},{"@type":"Organization","@id":"https:\/\/actoria.com\/ch-it\/#organization","name":"Actoria Svizzera, Ticico e Italia, Trasferimento di azienda Svizzera, Ticino e Italia, Fusioni & Acquisizioni Svizzera, Ticino e Italia, Sviluppo Strategico Svizzera, Ticino e Italia","alternateName":"Vendere la tua azienda, PMI in Belgio, Francia, Svizzera, Marocco, Tunisia, Lussemburgo, Italia","url":"https:\/\/actoria.com\/ch-it\/","logo":{"@type":"ImageObject","inLanguage":"it-IT","@id":"https:\/\/actoria.com\/ch-it\/#\/schema\/logo\/image\/","url":"https:\/\/actoria.com\/ch-it\/wp-content\/uploads\/2020\/12\/Logo-standard.bmp","contentUrl":"https:\/\/actoria.com\/ch-it\/wp-content\/uploads\/2020\/12\/Logo-standard.bmp","width":566,"height":358,"caption":"Actoria Svizzera, Ticico e Italia, Trasferimento di azienda Svizzera, Ticino e Italia, Fusioni & Acquisizioni Svizzera, Ticino e Italia, Sviluppo Strategico Svizzera, Ticino e Italia"},"image":{"@id":"https:\/\/actoria.com\/ch-it\/#\/schema\/logo\/image\/"},"sameAs":["https:\/\/fr.linkedin.com\/company\/actoria-group_2"]},{"@type":"Person","@id":"https:\/\/actoria.com\/ch-it\/#\/schema\/person\/f49dd9d0c4e953ed3de3e3b44cd339ac","name":"fabrice","url":"https:\/\/actoria.com\/ch-it\/author\/fabrice\/"}]}},"_links":{"self":[{"href":"https:\/\/actoria.com\/ch-it\/wp-json\/wp\/v2\/pages\/9393","targetHints":{"allow":["GET"]}}],"collection":[{"href":"https:\/\/actoria.com\/ch-it\/wp-json\/wp\/v2\/pages"}],"about":[{"href":"https:\/\/actoria.com\/ch-it\/wp-json\/wp\/v2\/types\/page"}],"author":[{"embeddable":true,"href":"https:\/\/actoria.com\/ch-it\/wp-json\/wp\/v2\/users\/2"}],"replies":[{"embeddable":true,"href":"https:\/\/actoria.com\/ch-it\/wp-json\/wp\/v2\/comments?post=9393"}],"version-history":[{"count":0,"href":"https:\/\/actoria.com\/ch-it\/wp-json\/wp\/v2\/pages\/9393\/revisions"}],"up":[{"embeddable":true,"href":"https:\/\/actoria.com\/ch-it\/wp-json\/wp\/v2\/pages\/9390"}],"wp:featuredmedia":[{"embeddable":true,"href":"https:\/\/actoria.com\/ch-it\/wp-json\/wp\/v2\/media\/18675"}],"wp:attachment":[{"href":"https:\/\/actoria.com\/ch-it\/wp-json\/wp\/v2\/media?parent=9393"}],"curies":[{"name":"wp","href":"https:\/\/api.w.org\/{rel}","templated":true}]}}