{"id":9399,"date":"2020-05-05T15:30:43","date_gmt":"2020-05-05T15:30:43","guid":{"rendered":"https:\/\/actoria.com\/ch-it\/\/?page_id=9399"},"modified":"2022-08-12T17:43:58","modified_gmt":"2022-08-12T15:43:58","slug":"tramite-la-globalizzazione","status":"publish","type":"page","link":"https:\/\/actoria.com\/ch-it\/sviluppare\/come-sviluppare\/tramite-la-globalizzazione\/","title":{"rendered":"Tramite la globalizzazione"},"content":{"rendered":"<div id='av_section_1'  class='avia-section main_color avia-section-default avia-no-border-styling  avia-bg-style-fixed  avia-builder-el-0  el_before_av_one_full  avia-builder-el-first  header_page_section_title_wrapper  av-arrow-down-section av-minimum-height av-minimum-height-custom  container_wrap sidebar_right' style=' '  ><div class='container' style='height:660px'><main  role=\"main\" itemprop=\"mainContentOfPage\"  class='template-page content  av-content-small alpha units'><div class='post-entry post-entry-type-page post-entry-9399'><div class='entry-content-wrapper clearfix'>\n<div class='flex_column_table av-equal-height-column-flextable -flextable' ><div class=\"flex_column av_one_full  flex_column_table_cell av-equal-height-column av-align-bottom av-zero-column-padding first  avia-builder-el-1  avia-builder-el-no-sibling  header_page_section_title \" style='border-radius:0px; ' id=\"header_page_section_title\" ><p><br \/>\n<div  style='padding-bottom:5px; margin:0 0 0 0; color:#ffffff;' class='av-special-heading av-special-heading-h1 custom-color-heading   avia-builder-el-3  el_after_av_codeblock  avia-builder-el-last  '><h1 class='av-special-heading-tag '  itemprop=\"headline\"  >Tramite la globalizzazione<\/h1><div class='special-heading-border'><div class='special-heading-inner-border' style='border-color:#ffffff'><\/div><\/div><\/div><\/p><\/div><\/div><!--close column table wrapper. Autoclose: 1 -->\n<\/div><\/div><\/main><!-- close content main element --><\/div><div class='av-extra-border-element border-extra-arrow-down'><div class='av-extra-border-outer'><div class='av-extra-border-inner'  style='background-color:#ffffff;' ><\/div><\/div><\/div><\/div><div id='after_section_1'  class='main_color av_default_container_wrap container_wrap sidebar_right' style=' '  ><div class='container' ><div class='template-page content  av-content-small alpha units'><div class='post-entry post-entry-type-page post-entry-9399'><div class='entry-content-wrapper clearfix'>\n<div class=\"flex_column av_one_full  flex_column_div av-zero-column-padding first  avia-builder-el-4  el_after_av_section  avia-builder-el-no-sibling  \" style='border-radius:0px; '><section class=\"av_textblock_section \"  itemscope=\"itemscope\" itemtype=\"https:\/\/schema.org\/CreativeWork\" ><div class='avia_textblock  '   itemprop=\"text\" ><p><img loading=\"lazy\" decoding=\"async\" class=\"alignleft wp-image-18598 size-medium\" title=\"Tramite la globalizzazione, Tramite la globalizzazione, trasferimento, vendita di societ\u00e0 e azienda in Svizzera e Italia\" src=\"https:\/\/actoria.com\/ch-it\/wp-content\/uploads\/2021\/12\/shutterstock-1-54-300x200.jpg\" alt=\"Tramite la globalizzazione, Tramite la globalizzazione, trasferimento, vendita di societ\u00e0 e azienda in Svizzera e Italia\" width=\"300\" height=\"200\" srcset=\"https:\/\/actoria.com\/ch-it\/wp-content\/uploads\/2021\/12\/shutterstock-1-54-300x200.jpg 300w, https:\/\/actoria.com\/ch-it\/wp-content\/uploads\/2021\/12\/shutterstock-1-54-1030x687.jpg 1030w, https:\/\/actoria.com\/ch-it\/wp-content\/uploads\/2021\/12\/shutterstock-1-54-768x512.jpg 768w, https:\/\/actoria.com\/ch-it\/wp-content\/uploads\/2021\/12\/shutterstock-1-54-1536x1024.jpg 1536w, https:\/\/actoria.com\/ch-it\/wp-content\/uploads\/2021\/12\/shutterstock-1-54-2048x1365.jpg 2048w, https:\/\/actoria.com\/ch-it\/wp-content\/uploads\/2021\/12\/shutterstock-1-54-1500x1000.jpg 1500w, https:\/\/actoria.com\/ch-it\/wp-content\/uploads\/2021\/12\/shutterstock-1-54-705x470.jpg 705w\" sizes=\"auto, (max-width: 300px) 100vw, 300px\" \/><\/p>\n<p>La strategia di crescita in Svizzera tramite la globalizzazione implica per l&#8217;azienda la conquista di diversi mercati geografici.<\/p>\n<p>Questa strategia di globalizzazione deve rispondere alle seguenti domande: in quale misura dovrebbe essere presente\u00a0 un&#8217;azienda nei principali mercati internazionali? Come pu\u00f2 l&#8217;impresa stabilire la necessaria presenza internazionale? Quali sono le location ottimali nel mondo per le sue varie attivit\u00e0 della catena del valore? Come pu\u00f2 l&#8217;azienda trasformare una presenza globale in un vantaggio competitivo globale?<\/p>\n<p><strong>Quando attuare una strategia di crescita internazionale?<\/strong><\/p>\n<p><strong>Riduzione dei costi<\/strong><\/p>\n<p>Una strategia di crescita in Svizzera attraverso la globalizzazione pu\u00f2 essere appropriata in settori in cui le aziende sono sottoposte a forte pressione per ridurre i costi ma con poche possibilit\u00e0 di azione a livello locale, quindi l&#8217;internazionalizzazione permette a queste aziende di <strong>vendere un prodotto standardizzato in altri paesi<\/strong>.<\/p>\n<p>Espandendo la propria clientela, queste aziende possono trarre vantaggio dalle economie di scala (vantaggi in termini di costi che un&#8217;azienda ottiene attraverso l&#8217;espansione) e dagli effetti della curva di apprendimento, perch\u00e9 sono in grado di produrre in serie un prodotto standard che pu\u00f2 essere esportato (a condizione che la domanda superi i costi coinvolti).<\/p>\n<p><strong>Espansione del mercato<\/strong><\/p>\n<p>Tuttavia, la globalizzazione non riguarda solo il taglio dei costi.<\/p>\n<p>Le strategie di differenziazione permettono di realizzare anche <strong>economie di scala<\/strong>, sia soddisfacendo a bisogni differenti su mercati diversi con una gamma di prodotti similari, sia sviluppando nuovi prodotti in funzione dei bisogni e dei modelli di consumo di un nuovo mercato.<\/p>\n<p>La differenziazione come parte di una strategia generale richiede spesso la localizzazione, poich\u00e9 le aziende devono adattarsi ai gusti dei consumatori per competere meglio nel nuovo paese.<\/p>\n<p>Ad esempio, la Coca-Cola ha un sapore diverso a seconda del paese in cui viene acquistata a causa delle differenze nelle preferenze locali.<\/p>\n<p><strong>Approvvigionamento<\/strong><\/p>\n<p>Tra le altre principali motivazioni tipiche e strategiche della globalizzazione vanno incluse la costruzione di relazioni con i fornitori, il<strong> miglioramento dell&#8217;accesso alle materie prime<\/strong> (specifiche di una determinata regione) e la <strong>riduzione dei costi<\/strong> utilizzando le specialit\u00e0 locali. Starbucks si rifornisce di chicchi di caff\u00e8 da tutto il mondo, poich\u00e9 il clima ha un impatto significativo sul tipo e sulla qualit\u00e0 dei chicchi.<\/p>\n<p>La strategia di globalizzazione di Starbucks di vendere in molti paesi dipende fortemente dall&#8217;approvvigionamento globale e i manager strategici devono monitorare attentamente questo processo per valutarne costi e benefici.<\/p>\n<p>Le strategie internazionali attraverso la globalizzazione richiedono alle aziende di <strong>coordinare fortemente<\/strong> le loro strategie di prodotto e di prezzo attraverso i mercati e le localit\u00e0 estere; quindi, le aziende che perseguono una strategia globale sono di solito altamente centralizzate.<\/p>\n<p><img loading=\"lazy\" decoding=\"async\" title=\"Tramite la globalizzazione, Tramite la globalizzazione, trasferimento, vendita di societ\u00e0 e azienda in Svizzera e Italia\" class=\"aligncenter wp-image-9613 size-full\" src=\"https:\/\/actoria.com\/ch-it\/wp-content\/uploads\/2020\/05\/globalisation.png\" alt=\"Tramite la globalizzazione, Tramite la globalizzazione, trasferimento, vendita di societ\u00e0 e azienda in Svizzera e Italia\" width=\"1006\" height=\"849\" \/><\/p>\n<\/div><\/section><\/div>\n","protected":false},"excerpt":{"rendered":"<p>Vendita azienda Svizzera e Italia, trasferimento azienda Svizzera e Italia, vendita azienda Svizzera e Italia, acquisizione azienda Svizzera e Italia, vendita PMI Svizzera e Italia, vendita PMI Svizzera e Italia, successione PMI Svizzera e Italia, vendita azienda Svizzera e Italia, trovare un acquirente in Svizzera e in Italia<\/p>\n","protected":false},"author":2,"featured_media":18782,"parent":9390,"menu_order":2,"comment_status":"closed","ping_status":"closed","template":"","meta":{"footnotes":""},"class_list":["post-9399","page","type-page","status-publish","has-post-thumbnail","hentry"],"yoast_head":"<!-- This site is optimized with the Yoast SEO plugin v27.4 - https:\/\/yoast.com\/product\/yoast-seo-wordpress\/ -->\n<title>Tramite la globalizzazione<\/title>\n<meta name=\"description\" content=\"Tramite la globalizzazione, sviluppo del business in Svizzera, Ticino e Italia e fusione, trasferimento d&#039;azienda in Svizzera, Ticino e Italia, trasferimento di PMI in Svizzera, Ticino e Italia, vendita di imprese in Svizzera, Ticino e Italia, trasmissione di PMI in Svizzera, Ticino e Italia, vendita di PMI in Svizzera, Ticino e Italia\" \/>\n<meta name=\"robots\" content=\"index, follow, max-snippet:-1, max-image-preview:large, max-video-preview:-1\" \/>\n<link rel=\"canonical\" href=\"https:\/\/actoria.com\/ch-it\/sviluppare\/come-sviluppare\/tramite-la-globalizzazione\/\" \/>\n<meta property=\"og:locale\" content=\"it_IT\" \/>\n<meta property=\"og:type\" content=\"article\" \/>\n<meta property=\"og:title\" content=\"Tramite la globalizzazione\" \/>\n<meta property=\"og:description\" content=\"Tramite la globalizzazione, sviluppo del business in Svizzera, Ticino e Italia e fusione, trasferimento d&#039;azienda in Svizzera, Ticino e Italia, trasferimento di PMI in Svizzera, Ticino e Italia, vendita di imprese in Svizzera, Ticino e Italia, trasmissione di PMI in Svizzera, Ticino e Italia, vendita di PMI in Svizzera, Ticino e Italia\" \/>\n<meta property=\"og:url\" content=\"https:\/\/actoria.com\/ch-it\/sviluppare\/come-sviluppare\/tramite-la-globalizzazione\/\" \/>\n<meta property=\"og:site_name\" content=\"Trasferimento di azienda Svizzera, Ticino e Italia, Fusioni &amp; Acquisizioni Svizzera, Ticino e Italia, Sviluppo Strategico Svizzera, Ticino e Italia\" \/>\n<meta property=\"article:modified_time\" content=\"2022-08-12T15:43:58+00:00\" \/>\n<meta property=\"og:image\" content=\"https:\/\/actoria.com\/ch-it\/wp-content\/uploads\/2022\/02\/Livre-blanc-Inbound-transmission-.png\" \/>\n\t<meta property=\"og:image:width\" content=\"595\" \/>\n\t<meta property=\"og:image:height\" content=\"842\" \/>\n\t<meta property=\"og:image:type\" content=\"image\/png\" \/>\n<meta name=\"twitter:card\" content=\"summary_large_image\" \/>\n<meta name=\"twitter:label1\" content=\"Tempo di lettura stimato\" \/>\n\t<meta name=\"twitter:data1\" content=\"5 minuti\" \/>\n<script type=\"application\/ld+json\" class=\"yoast-schema-graph\">{\"@context\":\"https:\\\/\\\/schema.org\",\"@graph\":[{\"@type\":\"Article\",\"@id\":\"https:\\\/\\\/actoria.com\\\/ch-it\\\/sviluppare\\\/come-sviluppare\\\/tramite-la-globalizzazione\\\/#article\",\"isPartOf\":{\"@id\":\"https:\\\/\\\/actoria.com\\\/ch-it\\\/sviluppare\\\/come-sviluppare\\\/tramite-la-globalizzazione\\\/\"},\"author\":{\"name\":\"fabrice\",\"@id\":\"https:\\\/\\\/actoria.com\\\/ch-it\\\/#\\\/schema\\\/person\\\/f49dd9d0c4e953ed3de3e3b44cd339ac\"},\"headline\":\"Tramite la globalizzazione\",\"datePublished\":\"2020-05-05T15:30:43+00:00\",\"dateModified\":\"2022-08-12T15:43:58+00:00\",\"mainEntityOfPage\":{\"@id\":\"https:\\\/\\\/actoria.com\\\/ch-it\\\/sviluppare\\\/come-sviluppare\\\/tramite-la-globalizzazione\\\/\"},\"wordCount\":830,\"publisher\":{\"@id\":\"https:\\\/\\\/actoria.com\\\/ch-it\\\/#organization\"},\"image\":{\"@id\":\"https:\\\/\\\/actoria.com\\\/ch-it\\\/sviluppare\\\/come-sviluppare\\\/tramite-la-globalizzazione\\\/#primaryimage\"},\"thumbnailUrl\":\"https:\\\/\\\/actoria.com\\\/ch-it\\\/wp-content\\\/uploads\\\/2022\\\/02\\\/Livre-blanc-Inbound-transmission-.png\",\"inLanguage\":\"it-IT\"},{\"@type\":\"WebPage\",\"@id\":\"https:\\\/\\\/actoria.com\\\/ch-it\\\/sviluppare\\\/come-sviluppare\\\/tramite-la-globalizzazione\\\/\",\"url\":\"https:\\\/\\\/actoria.com\\\/ch-it\\\/sviluppare\\\/come-sviluppare\\\/tramite-la-globalizzazione\\\/\",\"name\":\"Tramite la globalizzazione\",\"isPartOf\":{\"@id\":\"https:\\\/\\\/actoria.com\\\/ch-it\\\/#website\"},\"primaryImageOfPage\":{\"@id\":\"https:\\\/\\\/actoria.com\\\/ch-it\\\/sviluppare\\\/come-sviluppare\\\/tramite-la-globalizzazione\\\/#primaryimage\"},\"image\":{\"@id\":\"https:\\\/\\\/actoria.com\\\/ch-it\\\/sviluppare\\\/come-sviluppare\\\/tramite-la-globalizzazione\\\/#primaryimage\"},\"thumbnailUrl\":\"https:\\\/\\\/actoria.com\\\/ch-it\\\/wp-content\\\/uploads\\\/2022\\\/02\\\/Livre-blanc-Inbound-transmission-.png\",\"datePublished\":\"2020-05-05T15:30:43+00:00\",\"dateModified\":\"2022-08-12T15:43:58+00:00\",\"description\":\"Tramite la globalizzazione, sviluppo del business in Svizzera, Ticino e Italia e fusione, trasferimento d'azienda in Svizzera, Ticino e Italia, trasferimento di PMI in Svizzera, Ticino e Italia, vendita di imprese in Svizzera, Ticino e Italia, trasmissione di PMI in Svizzera, Ticino e Italia, vendita di PMI in Svizzera, Ticino e Italia\",\"breadcrumb\":{\"@id\":\"https:\\\/\\\/actoria.com\\\/ch-it\\\/sviluppare\\\/come-sviluppare\\\/tramite-la-globalizzazione\\\/#breadcrumb\"},\"inLanguage\":\"it-IT\",\"potentialAction\":[{\"@type\":\"ReadAction\",\"target\":[\"https:\\\/\\\/actoria.com\\\/ch-it\\\/sviluppare\\\/come-sviluppare\\\/tramite-la-globalizzazione\\\/\"]}]},{\"@type\":\"ImageObject\",\"inLanguage\":\"it-IT\",\"@id\":\"https:\\\/\\\/actoria.com\\\/ch-it\\\/sviluppare\\\/come-sviluppare\\\/tramite-la-globalizzazione\\\/#primaryimage\",\"url\":\"https:\\\/\\\/actoria.com\\\/ch-it\\\/wp-content\\\/uploads\\\/2022\\\/02\\\/Livre-blanc-Inbound-transmission-.png\",\"contentUrl\":\"https:\\\/\\\/actoria.com\\\/ch-it\\\/wp-content\\\/uploads\\\/2022\\\/02\\\/Livre-blanc-Inbound-transmission-.png\",\"width\":595,\"height\":842,\"caption\":\"Ordina la Guida alla strategia di trasmissione in entrata, Ordina la Guida alla strategia di trasmissione in entrata, trasferimento, vendita di societ\u00e0 e azienda in Svizzera e Italia\"},{\"@type\":\"BreadcrumbList\",\"@id\":\"https:\\\/\\\/actoria.com\\\/ch-it\\\/sviluppare\\\/come-sviluppare\\\/tramite-la-globalizzazione\\\/#breadcrumb\",\"itemListElement\":[{\"@type\":\"ListItem\",\"position\":1,\"name\":\"Home\",\"item\":\"https:\\\/\\\/actoria.com\\\/ch-it\\\/\"},{\"@type\":\"ListItem\",\"position\":2,\"name\":\"Sviluppare\",\"item\":\"https:\\\/\\\/actoria.com\\\/ch-it\\\/sviluppare\\\/\"},{\"@type\":\"ListItem\",\"position\":3,\"name\":\"Come sviluppare?\",\"item\":\"https:\\\/\\\/actoria.com\\\/ch-it\\\/sviluppare\\\/come-sviluppare\\\/\"},{\"@type\":\"ListItem\",\"position\":4,\"name\":\"Tramite la globalizzazione\"}]},{\"@type\":\"WebSite\",\"@id\":\"https:\\\/\\\/actoria.com\\\/ch-it\\\/#website\",\"url\":\"https:\\\/\\\/actoria.com\\\/ch-it\\\/\",\"name\":\"Trasferimento di azienda Svizzera, Ticino e Italia, Fusioni & Acquisizioni Svizzera, Ticino e Italia, Sviluppo Strategico Svizzera, Ticino e Italia\",\"description\":\"Vendere la tua azienda, PMI in Belgio, Francia, Svizzera, Marocco, Tunisia, Lussemburgo, Italia\",\"publisher\":{\"@id\":\"https:\\\/\\\/actoria.com\\\/ch-it\\\/#organization\"},\"alternateName\":\"Trasferimento di societ\u00e0, sviluppo di societ\u00e0 in Tunisia, lo specialista in fusioni e acquisizioni in Tunisia dal 2002\",\"potentialAction\":[{\"@type\":\"SearchAction\",\"target\":{\"@type\":\"EntryPoint\",\"urlTemplate\":\"https:\\\/\\\/actoria.com\\\/ch-it\\\/?s={search_term_string}\"},\"query-input\":{\"@type\":\"PropertyValueSpecification\",\"valueRequired\":true,\"valueName\":\"search_term_string\"}}],\"inLanguage\":\"it-IT\"},{\"@type\":\"Organization\",\"@id\":\"https:\\\/\\\/actoria.com\\\/ch-it\\\/#organization\",\"name\":\"Actoria Svizzera, Ticico e Italia, Trasferimento di azienda Svizzera, Ticino e Italia, Fusioni & Acquisizioni Svizzera, Ticino e Italia, Sviluppo Strategico Svizzera, Ticino e Italia\",\"alternateName\":\"Vendere la tua azienda, PMI in Belgio, Francia, Svizzera, Marocco, Tunisia, Lussemburgo, Italia\",\"url\":\"https:\\\/\\\/actoria.com\\\/ch-it\\\/\",\"logo\":{\"@type\":\"ImageObject\",\"inLanguage\":\"it-IT\",\"@id\":\"https:\\\/\\\/actoria.com\\\/ch-it\\\/#\\\/schema\\\/logo\\\/image\\\/\",\"url\":\"https:\\\/\\\/actoria.com\\\/ch-it\\\/wp-content\\\/uploads\\\/2020\\\/12\\\/Logo-standard.bmp\",\"contentUrl\":\"https:\\\/\\\/actoria.com\\\/ch-it\\\/wp-content\\\/uploads\\\/2020\\\/12\\\/Logo-standard.bmp\",\"width\":566,\"height\":358,\"caption\":\"Actoria Svizzera, Ticico e Italia, Trasferimento di azienda Svizzera, Ticino e Italia, Fusioni & Acquisizioni Svizzera, Ticino e Italia, Sviluppo Strategico Svizzera, Ticino e Italia\"},\"image\":{\"@id\":\"https:\\\/\\\/actoria.com\\\/ch-it\\\/#\\\/schema\\\/logo\\\/image\\\/\"},\"sameAs\":[\"https:\\\/\\\/fr.linkedin.com\\\/company\\\/actoria-group_2\"]},{\"@type\":\"Person\",\"@id\":\"https:\\\/\\\/actoria.com\\\/ch-it\\\/#\\\/schema\\\/person\\\/f49dd9d0c4e953ed3de3e3b44cd339ac\",\"name\":\"fabrice\",\"url\":\"https:\\\/\\\/actoria.com\\\/ch-it\\\/author\\\/fabrice\\\/\"}]}<\/script>\n<!-- \/ Yoast SEO plugin. -->","yoast_head_json":{"title":"Tramite la globalizzazione","description":"Tramite la globalizzazione, sviluppo del business in Svizzera, Ticino e Italia e fusione, trasferimento d'azienda in Svizzera, Ticino e Italia, trasferimento di PMI in Svizzera, Ticino e Italia, vendita di imprese in Svizzera, Ticino e Italia, trasmissione di PMI in Svizzera, Ticino e Italia, vendita di PMI in Svizzera, Ticino e Italia","robots":{"index":"index","follow":"follow","max-snippet":"max-snippet:-1","max-image-preview":"max-image-preview:large","max-video-preview":"max-video-preview:-1"},"canonical":"https:\/\/actoria.com\/ch-it\/sviluppare\/come-sviluppare\/tramite-la-globalizzazione\/","og_locale":"it_IT","og_type":"article","og_title":"Tramite la globalizzazione","og_description":"Tramite la globalizzazione, sviluppo del business in Svizzera, Ticino e Italia e fusione, trasferimento d'azienda in Svizzera, Ticino e Italia, trasferimento di PMI in Svizzera, Ticino e Italia, vendita di imprese in Svizzera, Ticino e Italia, trasmissione di PMI in Svizzera, Ticino e Italia, vendita di PMI in Svizzera, Ticino e Italia","og_url":"https:\/\/actoria.com\/ch-it\/sviluppare\/come-sviluppare\/tramite-la-globalizzazione\/","og_site_name":"Trasferimento di azienda Svizzera, Ticino e Italia, Fusioni &amp; Acquisizioni Svizzera, Ticino e Italia, Sviluppo Strategico Svizzera, Ticino e Italia","article_modified_time":"2022-08-12T15:43:58+00:00","og_image":[{"width":595,"height":842,"url":"https:\/\/actoria.com\/ch-it\/wp-content\/uploads\/2022\/02\/Livre-blanc-Inbound-transmission-.png","type":"image\/png"}],"twitter_card":"summary_large_image","twitter_misc":{"Tempo di lettura stimato":"5 minuti"},"schema":{"@context":"https:\/\/schema.org","@graph":[{"@type":"Article","@id":"https:\/\/actoria.com\/ch-it\/sviluppare\/come-sviluppare\/tramite-la-globalizzazione\/#article","isPartOf":{"@id":"https:\/\/actoria.com\/ch-it\/sviluppare\/come-sviluppare\/tramite-la-globalizzazione\/"},"author":{"name":"fabrice","@id":"https:\/\/actoria.com\/ch-it\/#\/schema\/person\/f49dd9d0c4e953ed3de3e3b44cd339ac"},"headline":"Tramite la globalizzazione","datePublished":"2020-05-05T15:30:43+00:00","dateModified":"2022-08-12T15:43:58+00:00","mainEntityOfPage":{"@id":"https:\/\/actoria.com\/ch-it\/sviluppare\/come-sviluppare\/tramite-la-globalizzazione\/"},"wordCount":830,"publisher":{"@id":"https:\/\/actoria.com\/ch-it\/#organization"},"image":{"@id":"https:\/\/actoria.com\/ch-it\/sviluppare\/come-sviluppare\/tramite-la-globalizzazione\/#primaryimage"},"thumbnailUrl":"https:\/\/actoria.com\/ch-it\/wp-content\/uploads\/2022\/02\/Livre-blanc-Inbound-transmission-.png","inLanguage":"it-IT"},{"@type":"WebPage","@id":"https:\/\/actoria.com\/ch-it\/sviluppare\/come-sviluppare\/tramite-la-globalizzazione\/","url":"https:\/\/actoria.com\/ch-it\/sviluppare\/come-sviluppare\/tramite-la-globalizzazione\/","name":"Tramite la globalizzazione","isPartOf":{"@id":"https:\/\/actoria.com\/ch-it\/#website"},"primaryImageOfPage":{"@id":"https:\/\/actoria.com\/ch-it\/sviluppare\/come-sviluppare\/tramite-la-globalizzazione\/#primaryimage"},"image":{"@id":"https:\/\/actoria.com\/ch-it\/sviluppare\/come-sviluppare\/tramite-la-globalizzazione\/#primaryimage"},"thumbnailUrl":"https:\/\/actoria.com\/ch-it\/wp-content\/uploads\/2022\/02\/Livre-blanc-Inbound-transmission-.png","datePublished":"2020-05-05T15:30:43+00:00","dateModified":"2022-08-12T15:43:58+00:00","description":"Tramite la globalizzazione, sviluppo del business in Svizzera, Ticino e Italia e fusione, trasferimento d'azienda in Svizzera, Ticino e Italia, trasferimento di PMI in Svizzera, Ticino e Italia, vendita di imprese in Svizzera, Ticino e Italia, trasmissione di PMI in Svizzera, Ticino e Italia, vendita di PMI in Svizzera, Ticino e Italia","breadcrumb":{"@id":"https:\/\/actoria.com\/ch-it\/sviluppare\/come-sviluppare\/tramite-la-globalizzazione\/#breadcrumb"},"inLanguage":"it-IT","potentialAction":[{"@type":"ReadAction","target":["https:\/\/actoria.com\/ch-it\/sviluppare\/come-sviluppare\/tramite-la-globalizzazione\/"]}]},{"@type":"ImageObject","inLanguage":"it-IT","@id":"https:\/\/actoria.com\/ch-it\/sviluppare\/come-sviluppare\/tramite-la-globalizzazione\/#primaryimage","url":"https:\/\/actoria.com\/ch-it\/wp-content\/uploads\/2022\/02\/Livre-blanc-Inbound-transmission-.png","contentUrl":"https:\/\/actoria.com\/ch-it\/wp-content\/uploads\/2022\/02\/Livre-blanc-Inbound-transmission-.png","width":595,"height":842,"caption":"Ordina la Guida alla strategia di trasmissione in entrata, Ordina la Guida alla strategia di trasmissione in entrata, trasferimento, vendita di societ\u00e0 e azienda in Svizzera e Italia"},{"@type":"BreadcrumbList","@id":"https:\/\/actoria.com\/ch-it\/sviluppare\/come-sviluppare\/tramite-la-globalizzazione\/#breadcrumb","itemListElement":[{"@type":"ListItem","position":1,"name":"Home","item":"https:\/\/actoria.com\/ch-it\/"},{"@type":"ListItem","position":2,"name":"Sviluppare","item":"https:\/\/actoria.com\/ch-it\/sviluppare\/"},{"@type":"ListItem","position":3,"name":"Come sviluppare?","item":"https:\/\/actoria.com\/ch-it\/sviluppare\/come-sviluppare\/"},{"@type":"ListItem","position":4,"name":"Tramite la globalizzazione"}]},{"@type":"WebSite","@id":"https:\/\/actoria.com\/ch-it\/#website","url":"https:\/\/actoria.com\/ch-it\/","name":"Trasferimento di azienda Svizzera, Ticino e Italia, Fusioni & Acquisizioni Svizzera, Ticino e Italia, Sviluppo Strategico Svizzera, Ticino e Italia","description":"Vendere la tua azienda, PMI in Belgio, Francia, Svizzera, Marocco, Tunisia, Lussemburgo, Italia","publisher":{"@id":"https:\/\/actoria.com\/ch-it\/#organization"},"alternateName":"Trasferimento di societ\u00e0, sviluppo di societ\u00e0 in Tunisia, lo specialista in fusioni e acquisizioni in Tunisia dal 2002","potentialAction":[{"@type":"SearchAction","target":{"@type":"EntryPoint","urlTemplate":"https:\/\/actoria.com\/ch-it\/?s={search_term_string}"},"query-input":{"@type":"PropertyValueSpecification","valueRequired":true,"valueName":"search_term_string"}}],"inLanguage":"it-IT"},{"@type":"Organization","@id":"https:\/\/actoria.com\/ch-it\/#organization","name":"Actoria Svizzera, Ticico e Italia, Trasferimento di azienda Svizzera, Ticino e Italia, Fusioni & Acquisizioni Svizzera, Ticino e Italia, Sviluppo Strategico Svizzera, Ticino e Italia","alternateName":"Vendere la tua azienda, PMI in Belgio, Francia, Svizzera, Marocco, Tunisia, Lussemburgo, Italia","url":"https:\/\/actoria.com\/ch-it\/","logo":{"@type":"ImageObject","inLanguage":"it-IT","@id":"https:\/\/actoria.com\/ch-it\/#\/schema\/logo\/image\/","url":"https:\/\/actoria.com\/ch-it\/wp-content\/uploads\/2020\/12\/Logo-standard.bmp","contentUrl":"https:\/\/actoria.com\/ch-it\/wp-content\/uploads\/2020\/12\/Logo-standard.bmp","width":566,"height":358,"caption":"Actoria Svizzera, Ticico e Italia, Trasferimento di azienda Svizzera, Ticino e Italia, Fusioni & Acquisizioni Svizzera, Ticino e Italia, Sviluppo Strategico Svizzera, Ticino e Italia"},"image":{"@id":"https:\/\/actoria.com\/ch-it\/#\/schema\/logo\/image\/"},"sameAs":["https:\/\/fr.linkedin.com\/company\/actoria-group_2"]},{"@type":"Person","@id":"https:\/\/actoria.com\/ch-it\/#\/schema\/person\/f49dd9d0c4e953ed3de3e3b44cd339ac","name":"fabrice","url":"https:\/\/actoria.com\/ch-it\/author\/fabrice\/"}]}},"_links":{"self":[{"href":"https:\/\/actoria.com\/ch-it\/wp-json\/wp\/v2\/pages\/9399","targetHints":{"allow":["GET"]}}],"collection":[{"href":"https:\/\/actoria.com\/ch-it\/wp-json\/wp\/v2\/pages"}],"about":[{"href":"https:\/\/actoria.com\/ch-it\/wp-json\/wp\/v2\/types\/page"}],"author":[{"embeddable":true,"href":"https:\/\/actoria.com\/ch-it\/wp-json\/wp\/v2\/users\/2"}],"replies":[{"embeddable":true,"href":"https:\/\/actoria.com\/ch-it\/wp-json\/wp\/v2\/comments?post=9399"}],"version-history":[{"count":0,"href":"https:\/\/actoria.com\/ch-it\/wp-json\/wp\/v2\/pages\/9399\/revisions"}],"up":[{"embeddable":true,"href":"https:\/\/actoria.com\/ch-it\/wp-json\/wp\/v2\/pages\/9390"}],"wp:featuredmedia":[{"embeddable":true,"href":"https:\/\/actoria.com\/ch-it\/wp-json\/wp\/v2\/media\/18782"}],"wp:attachment":[{"href":"https:\/\/actoria.com\/ch-it\/wp-json\/wp\/v2\/media?parent=9399"}],"curies":[{"name":"wp","href":"https:\/\/api.w.org\/{rel}","templated":true}]}}