{"id":9405,"date":"2020-05-05T15:30:43","date_gmt":"2020-05-05T15:30:43","guid":{"rendered":"https:\/\/actoria.com\/ch-it\/\/?page_id=9405"},"modified":"2022-08-12T17:44:01","modified_gmt":"2022-08-12T15:44:01","slug":"strutturazione-di-un-accordo","status":"publish","type":"page","link":"https:\/\/actoria.com\/ch-it\/sviluppare\/come-sviluppare\/strutturazione-di-un-accordo\/","title":{"rendered":"Strutturazione di un accordo"},"content":{"rendered":"<div id='av_section_1'  class='avia-section main_color avia-section-default avia-no-border-styling  avia-bg-style-fixed  avia-builder-el-0  el_before_av_one_full  avia-builder-el-first  header_page_section_title_wrapper  av-arrow-down-section av-minimum-height av-minimum-height-custom  container_wrap sidebar_right' style=' '  ><div class='container' style='height:660px'><main  role=\"main\" itemprop=\"mainContentOfPage\"  class='template-page content  av-content-small alpha units'><div class='post-entry post-entry-type-page post-entry-9405'><div class='entry-content-wrapper clearfix'>\n<div class='flex_column_table av-equal-height-column-flextable -flextable' ><div class=\"flex_column av_one_full  flex_column_table_cell av-equal-height-column av-align-bottom av-zero-column-padding first  avia-builder-el-1  avia-builder-el-no-sibling  header_page_section_title \" style='border-radius:0px; ' id=\"header_page_section_title\" ><p><br \/>\n<div  style='padding-bottom:5px; margin:0 0 0 0; color:#ffffff;' class='av-special-heading av-special-heading-h1 custom-color-heading   avia-builder-el-3  el_after_av_codeblock  avia-builder-el-last  '><h1 class='av-special-heading-tag '  itemprop=\"headline\"  >Strutturazione di un accordo<\/h1><div class='special-heading-border'><div class='special-heading-inner-border' style='border-color:#ffffff'><\/div><\/div><\/div><\/p><\/div><\/div><!--close column table wrapper. Autoclose: 1 --><\/div><\/div><\/main><!-- close content main element --><\/div><div class='av-extra-border-element border-extra-arrow-down'><div class='av-extra-border-outer'><div class='av-extra-border-inner'  style='background-color:#ffffff;' ><\/div><\/div><\/div><\/div><div id='after_section_1'  class='main_color av_default_container_wrap container_wrap sidebar_right' style=' '  ><div class='container' ><div class='template-page content  av-content-small alpha units'><div class='post-entry post-entry-type-page post-entry-9405'><div class='entry-content-wrapper clearfix'><div class=\"flex_column av_one_full  flex_column_div av-zero-column-padding first  avia-builder-el-4  el_after_av_section  avia-builder-el-no-sibling  \" style='border-radius:0px; '><section class=\"av_textblock_section \"  itemscope=\"itemscope\" itemtype=\"https:\/\/schema.org\/CreativeWork\" ><div class='avia_textblock  '   itemprop=\"text\" ><h2>Una delle fasi pi\u00f9 complicate del processo di fusione in Svizzera<\/h2>\n<div id=\"attachment_18609\" style=\"width: 310px\" class=\"wp-caption alignleft\"><img loading=\"lazy\" decoding=\"async\" aria-describedby=\"caption-attachment-18609\" class=\"wp-image-18609 size-medium\" title=\"Strutturazione di un accordo, Strutturazione di un accordo, trasferimento, vendita di societ\u00e0 e azienda in Svizzera e Italia\" src=\"https:\/\/actoria.com\/ch-it\/wp-content\/uploads\/2021\/12\/shutterstock-1-56-300x200.jpg\" alt=\"Strutturazione di un accordo, Strutturazione di un accordo, trasferimento, vendita di societ\u00e0 e azienda in Svizzera e Italia\" width=\"300\" height=\"200\" srcset=\"https:\/\/actoria.com\/ch-it\/wp-content\/uploads\/2021\/12\/shutterstock-1-56-300x200.jpg 300w, https:\/\/actoria.com\/ch-it\/wp-content\/uploads\/2021\/12\/shutterstock-1-56-1030x687.jpg 1030w, https:\/\/actoria.com\/ch-it\/wp-content\/uploads\/2021\/12\/shutterstock-1-56-768x512.jpg 768w, https:\/\/actoria.com\/ch-it\/wp-content\/uploads\/2021\/12\/shutterstock-1-56-1536x1024.jpg 1536w, https:\/\/actoria.com\/ch-it\/wp-content\/uploads\/2021\/12\/shutterstock-1-56-2048x1365.jpg 2048w, https:\/\/actoria.com\/ch-it\/wp-content\/uploads\/2021\/12\/shutterstock-1-56-1500x1000.jpg 1500w, https:\/\/actoria.com\/ch-it\/wp-content\/uploads\/2021\/12\/shutterstock-1-56-705x470.jpg 705w\" sizes=\"auto, (max-width: 300px) 100vw, 300px\" \/><p id=\"caption-attachment-18609\" class=\"wp-caption-text\">Strutturazione di un accordo, trasferimento di societ\u00e0 in Svizzera<\/p><\/div>\n<p>Molti fattori devono essere considerati, come le leggi antitrust, i regolamenti sui titoli, il diritto societario, gli offerenti rivali, le implicazioni fiscali, le questioni contabili, le condizioni di mercato, le forme di finanziamento e specifici punti di negoziazione nell&#8217;accordo di aggregazione aziendale.<\/p>\n<p>I documenti importanti quando si strutturano gli affari sono il term sheet (usato per raccogliere fondi) e una lettera d&#8217;intenti (LOI) che stabilisce i termini di base della transazione proposta.<\/p>\n<p>La negoziazione dell&#8217;accordo \u00e8 spesso un passo molto delicato nel processo, perch\u00e9 spesso rivela le vere intenzioni delle parti interessate.<\/p>\n<p>Per ridurre l&#8217;attrito in questa fase, la societ\u00e0 che porta avanti il progetto dovrebbe effettuare un&#8217;analisi preliminare dell&#8217;obiettivo per verificare la conformit\u00e0 con lo spirito e gli obiettivi della fusione.<\/p>\n<h2>Analisi delle aggregazioni aziendali<\/h2>\n<p>L&#8217;analisi preliminare dell&#8217;obiettivo comporta generalmente due fasi<\/p>\n<ul>\n<li>la valutazione dell&#8217;obiettivo su base autonoma e<\/li>\n<li>la valutazione delle potenziali sinergie della transazione.<\/li>\n<\/ul>\n<p>Quando si tratta di valutare le sinergie, ci sono due tipi di sinergie da considerare: hard e soft.<\/p>\n<p>Le sinergie hard sono risparmi diretti sui costi da raggiungere dopo il completamento del processo di M&amp;A. Le sinergie hard, conosciute anche come sinergie operative, sono benefici che deriveranno sicuramente dalla fusione o acquisizione, come il risparmio salariale che verr\u00e0 dall&#8217;eliminazione del personale ridondante tra l&#8217;acquirente e le societ\u00e0 target.<\/p>\n<p>Le sinergie soft, conosciute anche come sinergie finanziarie, sono aumenti di entrate che l&#8217;acquirente si aspetta di ottenere dopo il completamento della transazione. Sono &#8220;soft&#8221; perch\u00e9 la realizzazione di questi benefici non \u00e8 cos\u00ec assicurata come i risparmi sui costi associati alla sinergia &#8220;hard&#8221;.<\/p>\n<\/div><\/section><\/div><\/p>\n","protected":false},"excerpt":{"rendered":"<p>Vendita azienda Svizzera e Italia, trasferimento azienda Svizzera e Italia, vendita azienda Svizzera e Italia, acquisizione azienda Svizzera e Italia, vendita PMI Svizzera e Italia, vendita PMI Svizzera e Italia, successione PMI Svizzera e Italia, vendita azienda Svizzera e Italia, trovare un acquirente in Svizzera e in Italia<\/p>\n","protected":false},"author":2,"featured_media":22660,"parent":9390,"menu_order":7,"comment_status":"closed","ping_status":"closed","template":"","meta":{"footnotes":""},"class_list":["post-9405","page","type-page","status-publish","has-post-thumbnail","hentry"],"_links":{"self":[{"href":"https:\/\/actoria.com\/ch-it\/wp-json\/wp\/v2\/pages\/9405","targetHints":{"allow":["GET"]}}],"collection":[{"href":"https:\/\/actoria.com\/ch-it\/wp-json\/wp\/v2\/pages"}],"about":[{"href":"https:\/\/actoria.com\/ch-it\/wp-json\/wp\/v2\/types\/page"}],"author":[{"embeddable":true,"href":"https:\/\/actoria.com\/ch-it\/wp-json\/wp\/v2\/users\/2"}],"replies":[{"embeddable":true,"href":"https:\/\/actoria.com\/ch-it\/wp-json\/wp\/v2\/comments?post=9405"}],"version-history":[{"count":0,"href":"https:\/\/actoria.com\/ch-it\/wp-json\/wp\/v2\/pages\/9405\/revisions"}],"up":[{"embeddable":true,"href":"https:\/\/actoria.com\/ch-it\/wp-json\/wp\/v2\/pages\/9390"}],"wp:featuredmedia":[{"embeddable":true,"href":"https:\/\/actoria.com\/ch-it\/wp-json\/wp\/v2\/media\/22660"}],"wp:attachment":[{"href":"https:\/\/actoria.com\/ch-it\/wp-json\/wp\/v2\/media?parent=9405"}],"curies":[{"name":"wp","href":"https:\/\/api.w.org\/{rel}","templated":true}]}}