{"id":9407,"date":"2020-05-05T15:30:43","date_gmt":"2020-05-05T15:30:43","guid":{"rendered":"https:\/\/actoria.com\/ch-it\/\/?page_id=9407"},"modified":"2022-08-12T17:41:18","modified_gmt":"2022-08-12T15:41:18","slug":"il-memorandum-dintesa-trasmissione-azienda","status":"publish","type":"page","link":"https:\/\/actoria.com\/ch-it\/sviluppare\/come-sviluppare\/il-memorandum-dintesa-trasmissione-azienda\/","title":{"rendered":"Il memorandum d&#8217;intesa"},"content":{"rendered":"<div id='av_section_1'  class='avia-section main_color avia-section-default avia-no-border-styling  avia-bg-style-fixed  avia-builder-el-0  el_before_av_one_full  avia-builder-el-first  header_page_section_title_wrapper  av-arrow-down-section av-minimum-height av-minimum-height-custom  container_wrap sidebar_right' style=' '  ><div class='container' style='height:660px'><main  role=\"main\" itemprop=\"mainContentOfPage\"  class='template-page content  av-content-small alpha units'><div class='post-entry post-entry-type-page post-entry-9407'><div class='entry-content-wrapper clearfix'>\n<div class='flex_column_table av-equal-height-column-flextable -flextable' ><div class=\"flex_column av_one_full  flex_column_table_cell av-equal-height-column av-align-bottom av-zero-column-padding first  avia-builder-el-1  avia-builder-el-no-sibling  header_page_section_title \" style='border-radius:0px; ' id=\"header_page_section_title\" ><p><br \/>\n<div  style='padding-bottom:5px; margin:0 0 0 0; color:#ffffff;' class='av-special-heading av-special-heading-h1 custom-color-heading   avia-builder-el-3  el_after_av_codeblock  avia-builder-el-last  '><h1 class='av-special-heading-tag '  itemprop=\"headline\"  >Il memorandum d\u2019intesa<\/h1><div class='special-heading-border'><div class='special-heading-inner-border' style='border-color:#ffffff'><\/div><\/div><\/div><\/p><\/div><\/div><!--close column table wrapper. Autoclose: 1 --><\/div><\/div><\/main><!-- close content main element --><\/div><div class='av-extra-border-element border-extra-arrow-down'><div class='av-extra-border-outer'><div class='av-extra-border-inner'  style='background-color:#ffffff;' ><\/div><\/div><\/div><\/div><div id='after_section_1'  class='main_color av_default_container_wrap container_wrap sidebar_right' style=' '  ><div class='container' ><div class='template-page content  av-content-small alpha units'><div class='post-entry post-entry-type-page post-entry-9407'><div class='entry-content-wrapper clearfix'><div class=\"flex_column av_one_full  flex_column_div av-zero-column-padding first  avia-builder-el-4  el_after_av_section  avia-builder-el-no-sibling  \" style='border-radius:0px; '><section class=\"av_textblock_section \"  itemscope=\"itemscope\" itemtype=\"https:\/\/schema.org\/CreativeWork\" ><div class='avia_textblock  '   itemprop=\"text\" ><h3>Cos&#8217;\u00e8 un Memorandum of Understanding (MoU) sulle aggregazioni aziendali in Svizzera?<\/h3>\n<div id=\"attachment_18613\" style=\"width: 310px\" class=\"wp-caption alignleft\"><img loading=\"lazy\" decoding=\"async\" aria-describedby=\"caption-attachment-18613\" class=\"wp-image-18613 size-medium\" title=\"Il memorandum d&rsquo;intesa, Il memorandum d&rsquo;intesa, trasferimento, vendita di societ\u00e0 e azienda in Svizzera e Italia\" src=\"https:\/\/actoria.com\/ch-it\/wp-content\/uploads\/2021\/12\/shutterstock-1-58-300x200.jpg\" alt=\"Il memorandum d&rsquo;intesa, Il memorandum d&rsquo;intesa, trasferimento, vendita di societ\u00e0 e azienda in Svizzera e Italia\" width=\"300\" height=\"200\" srcset=\"https:\/\/actoria.com\/ch-it\/wp-content\/uploads\/2021\/12\/shutterstock-1-58-300x200.jpg 300w, https:\/\/actoria.com\/ch-it\/wp-content\/uploads\/2021\/12\/shutterstock-1-58-1030x687.jpg 1030w, https:\/\/actoria.com\/ch-it\/wp-content\/uploads\/2021\/12\/shutterstock-1-58-768x512.jpg 768w, https:\/\/actoria.com\/ch-it\/wp-content\/uploads\/2021\/12\/shutterstock-1-58-1536x1024.jpg 1536w, https:\/\/actoria.com\/ch-it\/wp-content\/uploads\/2021\/12\/shutterstock-1-58-2048x1365.jpg 2048w, https:\/\/actoria.com\/ch-it\/wp-content\/uploads\/2021\/12\/shutterstock-1-58-1500x1000.jpg 1500w, https:\/\/actoria.com\/ch-it\/wp-content\/uploads\/2021\/12\/shutterstock-1-58-705x470.jpg 705w\" sizes=\"auto, (max-width: 300px) 100vw, 300px\" \/><p id=\"caption-attachment-18613\" class=\"wp-caption-text\">Il memorandum d&#8217;intesa, il trasferimento di aziende in Svizzera<\/p><\/div>\n<p>Un contratto o un accordo definitivo (memorandum d&#8217;intesa) \u00e8 un documento legale che registra i termini e le condizioni tra due aziende che entrano in un accordo per una fusione, acquisizione, cessione, joint venture o qualche forma di alleanza strategica.<\/p>\n<p>\u00c8 un <strong>contratto reciprocamente vincolante<\/strong> tra il proprietario del progetto e l&#8217;obiettivo e include termini e condizioni come i beni condivisi, acquistati o fusi, il corrispettivo per la combinazione, le dichiarazioni e le garanzie, le condizioni di chiusura, ecc.<\/p>\n<p>Il contratto o l&#8217;accordo finale <strong>sostituisce tutti i precedenti accordi e intese<\/strong> &#8211; sia verbali che scritte &#8211; tra l&#8217;acquirente e il venditore.<\/p>\n<p>Un accordo di acquisto finale \u00e8 usato come documento per trasferire la propriet\u00e0 di un&#8217;azienda. L&#8217;accordo contiene anche degli allegati che descrivono la lista dell&#8217;inventario, i dipendenti chiave, le immobilizzazioni, la determinazione del capitale circolante netto, ecc.<\/p>\n<h3>Clausole di un memorandum d&#8217;intesa nelle aggregazioni aziendali in Svizzera<\/h3>\n<p>Definizione dei termini chiave<br \/>\nL&#8217;accordo definir\u00e0 i termini chiave e il loro significato per l&#8217;intero documento. Descriver\u00e0 come si fa riferimento alle parti interessate nel documento, il significato di data di chiusura, capitale circolante sufficiente, ecc.<\/p>\n<p>Considerazione di un&#8217;aggregazione aziendale in Svizzera e memorandum d&#8217;intesa<br \/>\nL&#8217;accordo definisce i dettagli finanziari e operativi della combinazione a livello di ciascuna delle parti interessate. Affronta anche gli aggiustamenti che devono essere fatti alle disposizioni finanziarie. Fornisce tutti i dettagli operativi della combinazione, le garanzie e gli impegni finanziari.<\/p>\n<p><strong>Rappresentazioni e garanzie in una business combination in Svizzera<\/strong><\/p>\n<p>In questa sezione, le parti coinvolte devono dichiarare fatti chiamati &#8220;rappresentazioni&#8221; e poi &#8220;garanzie&#8221; che le rappresentazioni sono vere. Chiamato anche &#8220;dichiarazioni e garanzie&#8221;, questa \u00e8 una delle parti pi\u00f9 importanti e pi\u00f9 lunghe dell&#8217;accordo e viene negoziata in grande dettaglio.<\/p>\n<p>L&#8217;obiettivo delle parti interessate \u00e8 quello di ottenere dichiarazioni e garanzie complete, in quanto forniscono una fonte preziosa di informazioni su ci\u00f2 che le parti si stanno impegnando.<\/p>\n<p>Una tipica garanzia sar\u00e0 che le parti interessate rispettino i regolamenti governativi, la legge sull&#8217;indennizzo dei lavoratori, le leggi sulla propriet\u00e0 intellettuale e che abbiano l&#8217;autorit\u00e0 legale per firmare l&#8217;accordo, ecc.<\/p>\n<\/div><\/section><\/div><\/p>\n","protected":false},"excerpt":{"rendered":"<p>Vendita azienda Svizzera e Italia, trasferimento azienda Svizzera e Italia, vendita azienda Svizzera e Italia, acquisizione azienda Svizzera e Italia, vendita PMI Svizzera e Italia, vendita PMI Svizzera e Italia, successione PMI Svizzera e Italia, vendita azienda Svizzera e Italia, trovare un acquirente in Svizzera e in Italia<\/p>\n","protected":false},"author":2,"featured_media":18377,"parent":9390,"menu_order":9,"comment_status":"closed","ping_status":"closed","template":"","meta":{"footnotes":""},"class_list":["post-9407","page","type-page","status-publish","has-post-thumbnail","hentry"],"yoast_head":"<!-- This site is optimized with the Yoast SEO plugin v27.4 - https:\/\/yoast.com\/product\/yoast-seo-wordpress\/ -->\n<title>Memorandum d&#039;intesa per le fusioni tra aziende in Svizzera<\/title>\n<meta name=\"description\" content=\"Memorandum d&#039;intesa per le fusioni tra aziende in Svizzera, Ticino e Italia, cessione di azienda in Svizzera, Ticino e Italia, cessione di PMI in Svizzera, Ticino e Italia, vendita di azienda in Svizzera, Ticino e Italia\" \/>\n<meta name=\"robots\" content=\"index, follow, max-snippet:-1, max-image-preview:large, max-video-preview:-1\" \/>\n<link rel=\"canonical\" href=\"https:\/\/actoria.com\/ch-it\/sviluppare\/come-sviluppare\/il-memorandum-dintesa-trasmissione-azienda\/\" \/>\n<meta property=\"og:locale\" content=\"it_IT\" \/>\n<meta property=\"og:type\" content=\"article\" \/>\n<meta property=\"og:title\" content=\"Memorandum d&#039;intesa per le fusioni tra aziende in Svizzera\" \/>\n<meta property=\"og:description\" content=\"Memorandum d&#039;intesa per le fusioni tra aziende in Svizzera, Ticino e Italia, cessione di azienda in Svizzera, Ticino e Italia, cessione di PMI in Svizzera, Ticino e Italia, vendita di azienda in Svizzera, Ticino e Italia\" \/>\n<meta property=\"og:url\" content=\"https:\/\/actoria.com\/ch-it\/sviluppare\/come-sviluppare\/il-memorandum-dintesa-trasmissione-azienda\/\" \/>\n<meta property=\"og:site_name\" content=\"Trasferimento di azienda Svizzera, Ticino e Italia, Fusioni &amp; Acquisizioni Svizzera, Ticino e Italia, Sviluppo Strategico Svizzera, Ticino e Italia\" \/>\n<meta property=\"article:modified_time\" content=\"2022-08-12T15:41:18+00:00\" \/>\n<meta property=\"og:image\" content=\"https:\/\/actoria.com\/ch-it\/wp-content\/uploads\/2021\/12\/shutterstock-1-18.jpg\" \/>\n\t<meta property=\"og:image:width\" content=\"2317\" \/>\n\t<meta property=\"og:image:height\" content=\"1600\" \/>\n\t<meta property=\"og:image:type\" content=\"image\/jpeg\" \/>\n<meta name=\"twitter:card\" content=\"summary_large_image\" \/>\n<meta name=\"twitter:label1\" content=\"Tempo di lettura stimato\" \/>\n\t<meta name=\"twitter:data1\" content=\"4 minuti\" \/>\n<script type=\"application\/ld+json\" class=\"yoast-schema-graph\">{\"@context\":\"https:\\\/\\\/schema.org\",\"@graph\":[{\"@type\":\"Article\",\"@id\":\"https:\\\/\\\/actoria.com\\\/ch-it\\\/sviluppare\\\/come-sviluppare\\\/il-memorandum-dintesa-trasmissione-azienda\\\/#article\",\"isPartOf\":{\"@id\":\"https:\\\/\\\/actoria.com\\\/ch-it\\\/sviluppare\\\/come-sviluppare\\\/il-memorandum-dintesa-trasmissione-azienda\\\/\"},\"author\":{\"name\":\"fabrice\",\"@id\":\"https:\\\/\\\/actoria.com\\\/ch-it\\\/#\\\/schema\\\/person\\\/f49dd9d0c4e953ed3de3e3b44cd339ac\"},\"headline\":\"Il memorandum d&#8217;intesa\",\"datePublished\":\"2020-05-05T15:30:43+00:00\",\"dateModified\":\"2022-08-12T15:41:18+00:00\",\"mainEntityOfPage\":{\"@id\":\"https:\\\/\\\/actoria.com\\\/ch-it\\\/sviluppare\\\/come-sviluppare\\\/il-memorandum-dintesa-trasmissione-azienda\\\/\"},\"wordCount\":780,\"publisher\":{\"@id\":\"https:\\\/\\\/actoria.com\\\/ch-it\\\/#organization\"},\"image\":{\"@id\":\"https:\\\/\\\/actoria.com\\\/ch-it\\\/sviluppare\\\/come-sviluppare\\\/il-memorandum-dintesa-trasmissione-azienda\\\/#primaryimage\"},\"thumbnailUrl\":\"https:\\\/\\\/actoria.com\\\/ch-it\\\/wp-content\\\/uploads\\\/2021\\\/12\\\/shutterstock-1-18.jpg\",\"inLanguage\":\"it-IT\"},{\"@type\":\"WebPage\",\"@id\":\"https:\\\/\\\/actoria.com\\\/ch-it\\\/sviluppare\\\/come-sviluppare\\\/il-memorandum-dintesa-trasmissione-azienda\\\/\",\"url\":\"https:\\\/\\\/actoria.com\\\/ch-it\\\/sviluppare\\\/come-sviluppare\\\/il-memorandum-dintesa-trasmissione-azienda\\\/\",\"name\":\"Memorandum d'intesa per le fusioni tra aziende in Svizzera\",\"isPartOf\":{\"@id\":\"https:\\\/\\\/actoria.com\\\/ch-it\\\/#website\"},\"primaryImageOfPage\":{\"@id\":\"https:\\\/\\\/actoria.com\\\/ch-it\\\/sviluppare\\\/come-sviluppare\\\/il-memorandum-dintesa-trasmissione-azienda\\\/#primaryimage\"},\"image\":{\"@id\":\"https:\\\/\\\/actoria.com\\\/ch-it\\\/sviluppare\\\/come-sviluppare\\\/il-memorandum-dintesa-trasmissione-azienda\\\/#primaryimage\"},\"thumbnailUrl\":\"https:\\\/\\\/actoria.com\\\/ch-it\\\/wp-content\\\/uploads\\\/2021\\\/12\\\/shutterstock-1-18.jpg\",\"datePublished\":\"2020-05-05T15:30:43+00:00\",\"dateModified\":\"2022-08-12T15:41:18+00:00\",\"description\":\"Memorandum d'intesa per le fusioni tra aziende in Svizzera, Ticino e Italia, cessione di azienda in Svizzera, Ticino e Italia, cessione di PMI in Svizzera, Ticino e Italia, vendita di azienda in Svizzera, Ticino e Italia\",\"breadcrumb\":{\"@id\":\"https:\\\/\\\/actoria.com\\\/ch-it\\\/sviluppare\\\/come-sviluppare\\\/il-memorandum-dintesa-trasmissione-azienda\\\/#breadcrumb\"},\"inLanguage\":\"it-IT\",\"potentialAction\":[{\"@type\":\"ReadAction\",\"target\":[\"https:\\\/\\\/actoria.com\\\/ch-it\\\/sviluppare\\\/come-sviluppare\\\/il-memorandum-dintesa-trasmissione-azienda\\\/\"]}]},{\"@type\":\"ImageObject\",\"inLanguage\":\"it-IT\",\"@id\":\"https:\\\/\\\/actoria.com\\\/ch-it\\\/sviluppare\\\/come-sviluppare\\\/il-memorandum-dintesa-trasmissione-azienda\\\/#primaryimage\",\"url\":\"https:\\\/\\\/actoria.com\\\/ch-it\\\/wp-content\\\/uploads\\\/2021\\\/12\\\/shutterstock-1-18.jpg\",\"contentUrl\":\"https:\\\/\\\/actoria.com\\\/ch-it\\\/wp-content\\\/uploads\\\/2021\\\/12\\\/shutterstock-1-18.jpg\",\"width\":2317,\"height\":1600,\"caption\":\"Distribuzione e E-commerce, Distribuzione e E-commerce, trasferimento, vendita di societ\u00e0 e azienda in Svizzera e Italia\"},{\"@type\":\"BreadcrumbList\",\"@id\":\"https:\\\/\\\/actoria.com\\\/ch-it\\\/sviluppare\\\/come-sviluppare\\\/il-memorandum-dintesa-trasmissione-azienda\\\/#breadcrumb\",\"itemListElement\":[{\"@type\":\"ListItem\",\"position\":1,\"name\":\"Home\",\"item\":\"https:\\\/\\\/actoria.com\\\/ch-it\\\/\"},{\"@type\":\"ListItem\",\"position\":2,\"name\":\"Sviluppare\",\"item\":\"https:\\\/\\\/actoria.com\\\/ch-it\\\/sviluppare\\\/\"},{\"@type\":\"ListItem\",\"position\":3,\"name\":\"Come sviluppare?\",\"item\":\"https:\\\/\\\/actoria.com\\\/ch-it\\\/sviluppare\\\/come-sviluppare\\\/\"},{\"@type\":\"ListItem\",\"position\":4,\"name\":\"Il memorandum d&#8217;intesa\"}]},{\"@type\":\"WebSite\",\"@id\":\"https:\\\/\\\/actoria.com\\\/ch-it\\\/#website\",\"url\":\"https:\\\/\\\/actoria.com\\\/ch-it\\\/\",\"name\":\"Trasferimento di azienda Svizzera, Ticino e Italia, Fusioni & Acquisizioni Svizzera, Ticino e Italia, Sviluppo Strategico Svizzera, Ticino e Italia\",\"description\":\"Vendere la tua azienda, PMI in Belgio, Francia, Svizzera, Marocco, Tunisia, Lussemburgo, Italia\",\"publisher\":{\"@id\":\"https:\\\/\\\/actoria.com\\\/ch-it\\\/#organization\"},\"alternateName\":\"Trasferimento di societ\u00e0, sviluppo di societ\u00e0 in Tunisia, lo specialista in fusioni e acquisizioni in Tunisia dal 2002\",\"potentialAction\":[{\"@type\":\"SearchAction\",\"target\":{\"@type\":\"EntryPoint\",\"urlTemplate\":\"https:\\\/\\\/actoria.com\\\/ch-it\\\/?s={search_term_string}\"},\"query-input\":{\"@type\":\"PropertyValueSpecification\",\"valueRequired\":true,\"valueName\":\"search_term_string\"}}],\"inLanguage\":\"it-IT\"},{\"@type\":\"Organization\",\"@id\":\"https:\\\/\\\/actoria.com\\\/ch-it\\\/#organization\",\"name\":\"Actoria Svizzera, Ticico e Italia, Trasferimento di azienda Svizzera, Ticino e Italia, Fusioni & Acquisizioni Svizzera, Ticino e Italia, Sviluppo Strategico Svizzera, Ticino e Italia\",\"alternateName\":\"Vendere la tua azienda, PMI in Belgio, Francia, Svizzera, Marocco, Tunisia, Lussemburgo, Italia\",\"url\":\"https:\\\/\\\/actoria.com\\\/ch-it\\\/\",\"logo\":{\"@type\":\"ImageObject\",\"inLanguage\":\"it-IT\",\"@id\":\"https:\\\/\\\/actoria.com\\\/ch-it\\\/#\\\/schema\\\/logo\\\/image\\\/\",\"url\":\"https:\\\/\\\/actoria.com\\\/ch-it\\\/wp-content\\\/uploads\\\/2020\\\/12\\\/Logo-standard.bmp\",\"contentUrl\":\"https:\\\/\\\/actoria.com\\\/ch-it\\\/wp-content\\\/uploads\\\/2020\\\/12\\\/Logo-standard.bmp\",\"width\":566,\"height\":358,\"caption\":\"Actoria Svizzera, Ticico e Italia, Trasferimento di azienda Svizzera, Ticino e Italia, Fusioni & Acquisizioni Svizzera, Ticino e Italia, Sviluppo Strategico Svizzera, Ticino e Italia\"},\"image\":{\"@id\":\"https:\\\/\\\/actoria.com\\\/ch-it\\\/#\\\/schema\\\/logo\\\/image\\\/\"},\"sameAs\":[\"https:\\\/\\\/fr.linkedin.com\\\/company\\\/actoria-group_2\"]},{\"@type\":\"Person\",\"@id\":\"https:\\\/\\\/actoria.com\\\/ch-it\\\/#\\\/schema\\\/person\\\/f49dd9d0c4e953ed3de3e3b44cd339ac\",\"name\":\"fabrice\",\"url\":\"https:\\\/\\\/actoria.com\\\/ch-it\\\/author\\\/fabrice\\\/\"}]}<\/script>\n<!-- \/ Yoast SEO plugin. -->","yoast_head_json":{"title":"Memorandum d'intesa per le fusioni tra aziende in Svizzera","description":"Memorandum d'intesa per le fusioni tra aziende in Svizzera, Ticino e Italia, cessione di azienda in Svizzera, Ticino e Italia, cessione di PMI in Svizzera, Ticino e Italia, vendita di azienda in Svizzera, Ticino e Italia","robots":{"index":"index","follow":"follow","max-snippet":"max-snippet:-1","max-image-preview":"max-image-preview:large","max-video-preview":"max-video-preview:-1"},"canonical":"https:\/\/actoria.com\/ch-it\/sviluppare\/come-sviluppare\/il-memorandum-dintesa-trasmissione-azienda\/","og_locale":"it_IT","og_type":"article","og_title":"Memorandum d'intesa per le fusioni tra aziende in Svizzera","og_description":"Memorandum d'intesa per le fusioni tra aziende in Svizzera, Ticino e Italia, cessione di azienda in Svizzera, Ticino e Italia, cessione di PMI in Svizzera, Ticino e Italia, vendita di azienda in Svizzera, Ticino e Italia","og_url":"https:\/\/actoria.com\/ch-it\/sviluppare\/come-sviluppare\/il-memorandum-dintesa-trasmissione-azienda\/","og_site_name":"Trasferimento di azienda Svizzera, Ticino e Italia, Fusioni &amp; Acquisizioni Svizzera, Ticino e Italia, Sviluppo Strategico Svizzera, Ticino e Italia","article_modified_time":"2022-08-12T15:41:18+00:00","og_image":[{"width":2317,"height":1600,"url":"https:\/\/actoria.com\/ch-it\/wp-content\/uploads\/2021\/12\/shutterstock-1-18.jpg","type":"image\/jpeg"}],"twitter_card":"summary_large_image","twitter_misc":{"Tempo di lettura stimato":"4 minuti"},"schema":{"@context":"https:\/\/schema.org","@graph":[{"@type":"Article","@id":"https:\/\/actoria.com\/ch-it\/sviluppare\/come-sviluppare\/il-memorandum-dintesa-trasmissione-azienda\/#article","isPartOf":{"@id":"https:\/\/actoria.com\/ch-it\/sviluppare\/come-sviluppare\/il-memorandum-dintesa-trasmissione-azienda\/"},"author":{"name":"fabrice","@id":"https:\/\/actoria.com\/ch-it\/#\/schema\/person\/f49dd9d0c4e953ed3de3e3b44cd339ac"},"headline":"Il memorandum d&#8217;intesa","datePublished":"2020-05-05T15:30:43+00:00","dateModified":"2022-08-12T15:41:18+00:00","mainEntityOfPage":{"@id":"https:\/\/actoria.com\/ch-it\/sviluppare\/come-sviluppare\/il-memorandum-dintesa-trasmissione-azienda\/"},"wordCount":780,"publisher":{"@id":"https:\/\/actoria.com\/ch-it\/#organization"},"image":{"@id":"https:\/\/actoria.com\/ch-it\/sviluppare\/come-sviluppare\/il-memorandum-dintesa-trasmissione-azienda\/#primaryimage"},"thumbnailUrl":"https:\/\/actoria.com\/ch-it\/wp-content\/uploads\/2021\/12\/shutterstock-1-18.jpg","inLanguage":"it-IT"},{"@type":"WebPage","@id":"https:\/\/actoria.com\/ch-it\/sviluppare\/come-sviluppare\/il-memorandum-dintesa-trasmissione-azienda\/","url":"https:\/\/actoria.com\/ch-it\/sviluppare\/come-sviluppare\/il-memorandum-dintesa-trasmissione-azienda\/","name":"Memorandum d'intesa per le fusioni tra aziende in Svizzera","isPartOf":{"@id":"https:\/\/actoria.com\/ch-it\/#website"},"primaryImageOfPage":{"@id":"https:\/\/actoria.com\/ch-it\/sviluppare\/come-sviluppare\/il-memorandum-dintesa-trasmissione-azienda\/#primaryimage"},"image":{"@id":"https:\/\/actoria.com\/ch-it\/sviluppare\/come-sviluppare\/il-memorandum-dintesa-trasmissione-azienda\/#primaryimage"},"thumbnailUrl":"https:\/\/actoria.com\/ch-it\/wp-content\/uploads\/2021\/12\/shutterstock-1-18.jpg","datePublished":"2020-05-05T15:30:43+00:00","dateModified":"2022-08-12T15:41:18+00:00","description":"Memorandum d'intesa per le fusioni tra aziende in Svizzera, Ticino e Italia, cessione di azienda in Svizzera, Ticino e Italia, cessione di PMI in Svizzera, Ticino e Italia, vendita di azienda in Svizzera, Ticino e Italia","breadcrumb":{"@id":"https:\/\/actoria.com\/ch-it\/sviluppare\/come-sviluppare\/il-memorandum-dintesa-trasmissione-azienda\/#breadcrumb"},"inLanguage":"it-IT","potentialAction":[{"@type":"ReadAction","target":["https:\/\/actoria.com\/ch-it\/sviluppare\/come-sviluppare\/il-memorandum-dintesa-trasmissione-azienda\/"]}]},{"@type":"ImageObject","inLanguage":"it-IT","@id":"https:\/\/actoria.com\/ch-it\/sviluppare\/come-sviluppare\/il-memorandum-dintesa-trasmissione-azienda\/#primaryimage","url":"https:\/\/actoria.com\/ch-it\/wp-content\/uploads\/2021\/12\/shutterstock-1-18.jpg","contentUrl":"https:\/\/actoria.com\/ch-it\/wp-content\/uploads\/2021\/12\/shutterstock-1-18.jpg","width":2317,"height":1600,"caption":"Distribuzione e E-commerce, Distribuzione e E-commerce, trasferimento, vendita di societ\u00e0 e azienda in Svizzera e Italia"},{"@type":"BreadcrumbList","@id":"https:\/\/actoria.com\/ch-it\/sviluppare\/come-sviluppare\/il-memorandum-dintesa-trasmissione-azienda\/#breadcrumb","itemListElement":[{"@type":"ListItem","position":1,"name":"Home","item":"https:\/\/actoria.com\/ch-it\/"},{"@type":"ListItem","position":2,"name":"Sviluppare","item":"https:\/\/actoria.com\/ch-it\/sviluppare\/"},{"@type":"ListItem","position":3,"name":"Come sviluppare?","item":"https:\/\/actoria.com\/ch-it\/sviluppare\/come-sviluppare\/"},{"@type":"ListItem","position":4,"name":"Il memorandum d&#8217;intesa"}]},{"@type":"WebSite","@id":"https:\/\/actoria.com\/ch-it\/#website","url":"https:\/\/actoria.com\/ch-it\/","name":"Trasferimento di azienda Svizzera, Ticino e Italia, Fusioni & Acquisizioni Svizzera, Ticino e Italia, Sviluppo Strategico Svizzera, Ticino e Italia","description":"Vendere la tua azienda, PMI in Belgio, Francia, Svizzera, Marocco, Tunisia, Lussemburgo, Italia","publisher":{"@id":"https:\/\/actoria.com\/ch-it\/#organization"},"alternateName":"Trasferimento di societ\u00e0, sviluppo di societ\u00e0 in Tunisia, lo specialista in fusioni e acquisizioni in Tunisia dal 2002","potentialAction":[{"@type":"SearchAction","target":{"@type":"EntryPoint","urlTemplate":"https:\/\/actoria.com\/ch-it\/?s={search_term_string}"},"query-input":{"@type":"PropertyValueSpecification","valueRequired":true,"valueName":"search_term_string"}}],"inLanguage":"it-IT"},{"@type":"Organization","@id":"https:\/\/actoria.com\/ch-it\/#organization","name":"Actoria Svizzera, Ticico e Italia, Trasferimento di azienda Svizzera, Ticino e Italia, Fusioni & Acquisizioni Svizzera, Ticino e Italia, Sviluppo Strategico Svizzera, Ticino e Italia","alternateName":"Vendere la tua azienda, PMI in Belgio, Francia, Svizzera, Marocco, Tunisia, Lussemburgo, Italia","url":"https:\/\/actoria.com\/ch-it\/","logo":{"@type":"ImageObject","inLanguage":"it-IT","@id":"https:\/\/actoria.com\/ch-it\/#\/schema\/logo\/image\/","url":"https:\/\/actoria.com\/ch-it\/wp-content\/uploads\/2020\/12\/Logo-standard.bmp","contentUrl":"https:\/\/actoria.com\/ch-it\/wp-content\/uploads\/2020\/12\/Logo-standard.bmp","width":566,"height":358,"caption":"Actoria Svizzera, Ticico e Italia, Trasferimento di azienda Svizzera, Ticino e Italia, Fusioni & Acquisizioni Svizzera, Ticino e Italia, Sviluppo Strategico Svizzera, Ticino e Italia"},"image":{"@id":"https:\/\/actoria.com\/ch-it\/#\/schema\/logo\/image\/"},"sameAs":["https:\/\/fr.linkedin.com\/company\/actoria-group_2"]},{"@type":"Person","@id":"https:\/\/actoria.com\/ch-it\/#\/schema\/person\/f49dd9d0c4e953ed3de3e3b44cd339ac","name":"fabrice","url":"https:\/\/actoria.com\/ch-it\/author\/fabrice\/"}]}},"_links":{"self":[{"href":"https:\/\/actoria.com\/ch-it\/wp-json\/wp\/v2\/pages\/9407","targetHints":{"allow":["GET"]}}],"collection":[{"href":"https:\/\/actoria.com\/ch-it\/wp-json\/wp\/v2\/pages"}],"about":[{"href":"https:\/\/actoria.com\/ch-it\/wp-json\/wp\/v2\/types\/page"}],"author":[{"embeddable":true,"href":"https:\/\/actoria.com\/ch-it\/wp-json\/wp\/v2\/users\/2"}],"replies":[{"embeddable":true,"href":"https:\/\/actoria.com\/ch-it\/wp-json\/wp\/v2\/comments?post=9407"}],"version-history":[{"count":0,"href":"https:\/\/actoria.com\/ch-it\/wp-json\/wp\/v2\/pages\/9407\/revisions"}],"up":[{"embeddable":true,"href":"https:\/\/actoria.com\/ch-it\/wp-json\/wp\/v2\/pages\/9390"}],"wp:featuredmedia":[{"embeddable":true,"href":"https:\/\/actoria.com\/ch-it\/wp-json\/wp\/v2\/media\/18377"}],"wp:attachment":[{"href":"https:\/\/actoria.com\/ch-it\/wp-json\/wp\/v2\/media?parent=9407"}],"curies":[{"name":"wp","href":"https:\/\/api.w.org\/{rel}","templated":true}]}}